{"id":22180,"date":"2022-02-01T11:42:26","date_gmt":"2022-02-01T10:42:26","guid":{"rendered":"https:\/\/www.pierre-chavin.com\/the-alcohol-free-collection\/pierre-zero\/"},"modified":"2025-06-16T15:17:20","modified_gmt":"2025-06-16T13:17:20","slug":"pierre-zero","status":"publish","type":"page","link":"https:\/\/www.pierre-chavin.com\/en\/the-non-alcoholic-collection\/pierre-zero\/","title":{"rendered":"Pierre Z\u00e9ro"},"content":{"rendered":"<p>[et_pb_section fb_built=&#8221;1&#8243; admin_label=&#8221;Section &#8211; Titre Pierre Z\u00e9ro&#8221; module_id=&#8221;entete-hauteur&#8221; module_class=&#8221;entete-hauteur-page slider&#8221; _builder_version=&#8221;4.16&#8243; _module_preset=&#8221;default&#8221; background_color=&#8221;#efefef&#8221; global_colors_info=&#8221;{}&#8221;][et_pb_row admin_label=&#8221;Ligne &#8211; Titre Pierre Z\u00e9ro&#8221; module_class=&#8221;row-width row-width-full&#8221; _builder_version=&#8221;4.16&#8243; _module_preset=&#8221;default&#8221; global_colors_info=&#8221;{}&#8221;][et_pb_column type=&#8221;4_4&#8243; _builder_version=&#8221;4.16&#8243; _module_preset=&#8221;default&#8221; global_colors_info=&#8221;{}&#8221;][et_pb_slider show_pagination=&#8221;off&#8221; admin_label=&#8221;Titre &#8211; Pierre Z\u00e9ro&#8221; module_class=&#8221;slider-basique&#8221; _builder_version=&#8221;4.27.4&#8243; _module_preset=&#8221;default&#8221; global_colors_info=&#8221;{}&#8221;][et_pb_slide _builder_version=&#8221;4.27.4&#8243; _module_preset=&#8221;default&#8221; background_enable_color=&#8221;off&#8221; background_image=&#8221;https:\/\/www.pierre-chavin.com\/wp-content\/uploads\/2025\/06\/PHOTO_BACK_NB_CHAVIN_PZSIGNATURE2.png&#8221; background_enable_image=&#8221;on&#8221; global_colors_info=&#8221;{}&#8221; sticky_transition=&#8221;on&#8221;]<\/p>\n<h1>Pierre Z\u00e9ro<br \/><strong>Non-Alcoholic Collection<\/strong><\/h1>\n<p>[\/et_pb_slide][\/et_pb_slider][\/et_pb_column][\/et_pb_row][\/et_pb_section][et_pb_section fb_built=&#8221;1&#8243; admin_label=&#8221;Section &#8211; Intro pr\u00e9sentation&#8221; module_id=&#8221;intro-page-fiche&#8221; module_class=&#8221;section-text-general&#8221; _builder_version=&#8221;4.16&#8243; _module_preset=&#8221;default&#8221; background_color=&#8221;#000000&#8243; global_colors_info=&#8221;{}&#8221;][et_pb_row use_custom_gutter=&#8221;on&#8221; make_equal=&#8221;on&#8221; admin_label=&#8221;Ligne &#8211; Titre + Pierre Z\u00e9ro Intro&#8221; module_class=&#8221;row-width&#8221; _builder_version=&#8221;4.16&#8243; _module_preset=&#8221;default&#8221; global_colors_info=&#8221;{}&#8221;][et_pb_column type=&#8221;4_4&#8243; _builder_version=&#8221;4.16&#8243; _module_preset=&#8221;default&#8221; global_colors_info=&#8221;{}&#8221;][et_pb_text admin_label=&#8221;Titre + Pierre Z\u00e9ro Intro&#8221; module_class=&#8221;bloc-general-texte center blanc&#8221; _builder_version=&#8221;4.16&#8243; _module_preset=&#8221;default&#8221; global_colors_info=&#8221;{}&#8221;]<\/p>\n<h2>Pierre Z\u00e9ro Cuv\u00e9es<\/h2>\n<p><strong>Pierre Z\u00e9ro<\/strong> is the original brand of Maison <strong>Chavin<\/strong>. With more than t<strong>en years of history<\/strong>, it has been enriched over the years with different grape varieties and different packaging.<\/p>\n<p>It is a complete proposition with its <strong>Classique<\/strong>, <strong>Prestige<\/strong> and emblematic <strong>Signature ranges<\/strong>.<\/p>\n<p>[\/et_pb_text][\/et_pb_column][\/et_pb_row][et_pb_row column_structure=&#8221;1_3,1_3,1_3&#8243; use_custom_gutter=&#8221;on&#8221; make_equal=&#8221;on&#8221; admin_label=&#8221;Ligne &#8211; Cuv\u00e9es&#8221; module_class=&#8221;row-width row-cuvees-page&#8221; _builder_version=&#8221;4.16&#8243; _module_preset=&#8221;default&#8221; global_colors_info=&#8221;{}&#8221;][et_pb_column type=&#8221;1_3&#8243; _builder_version=&#8221;4.16&#8243; _module_preset=&#8221;default&#8221; animation_style=&#8221;slide&#8221; animation_direction=&#8221;left&#8221; animation_delay=&#8221;500ms&#8221; animation_intensity_slide=&#8221;10%&#8221; link_option_url_new_window=&#8221;on&#8221; global_colors_info=&#8221;{}&#8221;][et_pb_image src=&#8221;https:\/\/www.pierre-chavin.com\/wp-content\/uploads\/2025\/06\/PierreZero_AlcoholFree_Chardonnay_Blanc_75cl_150x500px.png&#8221; title_text=&#8221;PierreZero_AlcoholFree_Chardonnay_Blanc_75cl_150x500px&#8221; align=&#8221;center&#8221; admin_label=&#8221;Image &#8211; Bouteille&#8221; module_class=&#8221;bout-cuvees&#8221; _builder_version=&#8221;4.27.4&#8243; _module_preset=&#8221;default&#8221; global_colors_info=&#8221;{}&#8221;][\/et_pb_image][et_pb_image src=&#8221;https:\/\/www.pierre-chavin.com\/wp-content\/uploads\/2022\/02\/chavin-pierre-zero-classique-logo.png&#8221; title_text=&#8221;chavin-pierre-zero-classique-logo&#8221; align=&#8221;center&#8221; admin_label=&#8221;Image &#8211; Logo&#8221; module_class=&#8221;logo-cuvees&#8221; _builder_version=&#8221;4.16&#8243; _module_preset=&#8221;default&#8221; global_colors_info=&#8221;{}&#8221;][\/et_pb_image][et_pb_text admin_label=&#8221;Les Classiques&#8221; module_class=&#8221;bloc-general-texte blanc center&#8221; _builder_version=&#8221;4.16&#8243; _module_preset=&#8221;default&#8221; global_colors_info=&#8221;{}&#8221;]<\/p>\n<h3>The Classique Range<\/h3>\n<p>[\/et_pb_text][\/et_pb_column][et_pb_column type=&#8221;1_3&#8243; _builder_version=&#8221;4.16&#8243; _module_preset=&#8221;default&#8221; animation_style=&#8221;slide&#8221; animation_direction=&#8221;left&#8221; animation_delay=&#8221;1000ms&#8221; animation_intensity_slide=&#8221;10%&#8221; link_option_url_new_window=&#8221;on&#8221; global_colors_info=&#8221;{}&#8221;][et_pb_image src=&#8221;https:\/\/www.pierre-chavin.com\/wp-content\/uploads\/2025\/06\/PierreZero_AlcoholFree_Prestige_Red_75cl_150x500px.png&#8221; title_text=&#8221;PierreZero_AlcoholFree_Prestige_Red_75cl_150x500px&#8221; align=&#8221;center&#8221; admin_label=&#8221;Image &#8211; Bouteille&#8221; module_class=&#8221;bout-cuvees&#8221; _builder_version=&#8221;4.27.4&#8243; _module_preset=&#8221;default&#8221; global_colors_info=&#8221;{}&#8221;][\/et_pb_image][et_pb_image src=&#8221;https:\/\/www.pierre-chavin.com\/wp-content\/uploads\/2022\/02\/chavin-pierre-zero-prestige-logo-1.png&#8221; title_text=&#8221;chavin-pierre-zero-prestige-logo&#8221; align=&#8221;center&#8221; admin_label=&#8221;Image &#8211; Logo&#8221; module_class=&#8221;logo-cuvees&#8221; _builder_version=&#8221;4.16&#8243; _module_preset=&#8221;default&#8221; global_colors_info=&#8221;{}&#8221;][\/et_pb_image][et_pb_text admin_label=&#8221;Les Prestiges&#8221; module_class=&#8221;bloc-general-texte blanc center&#8221; _builder_version=&#8221;4.16&#8243; _module_preset=&#8221;default&#8221; global_colors_info=&#8221;{}&#8221;]<\/p>\n<h3>The Prestige Range<\/h3>\n<p>[\/et_pb_text][\/et_pb_column][et_pb_column type=&#8221;1_3&#8243; _builder_version=&#8221;4.16&#8243; _module_preset=&#8221;default&#8221; animation_style=&#8221;slide&#8221; animation_direction=&#8221;left&#8221; animation_delay=&#8221;1500ms&#8221; animation_intensity_slide=&#8221;10%&#8221; link_option_url_new_window=&#8221;on&#8221; global_colors_info=&#8221;{}&#8221;][et_pb_image src=&#8221;https:\/\/www.pierre-chavin.com\/wp-content\/uploads\/2025\/06\/Signature_AlcoholFree_Chardonnay_Effervescent_75cl_150x500px.png&#8221; title_text=&#8221;Signature_AlcoholFree_Chardonnay_Effervescent_75cl_150x500px&#8221; align=&#8221;center&#8221; admin_label=&#8221;Image &#8211; Bouteille&#8221; module_class=&#8221;bout-cuvees&#8221; _builder_version=&#8221;4.27.4&#8243; _module_preset=&#8221;default&#8221; global_colors_info=&#8221;{}&#8221;][\/et_pb_image][et_pb_image src=&#8221;https:\/\/www.pierre-chavin.com\/wp-content\/uploads\/2022\/02\/chavin-pierre-zero-signature-logo.png&#8221; title_text=&#8221;chavin-pierre-zero-signature-logo&#8221; align=&#8221;center&#8221; admin_label=&#8221;Image &#8211; Logo&#8221; module_class=&#8221;logo-cuvees&#8221; _builder_version=&#8221;4.16&#8243; _module_preset=&#8221;default&#8221; global_colors_info=&#8221;{}&#8221;][\/et_pb_image][et_pb_text admin_label=&#8221;La Signature&#8221; module_class=&#8221;bloc-general-texte blanc center&#8221; _builder_version=&#8221;4.16&#8243; _module_preset=&#8221;default&#8221; global_colors_info=&#8221;{}&#8221;]<\/p>\n<h3>The Signature Range<\/h3>\n<p>[\/et_pb_text][\/et_pb_column][\/et_pb_row][\/et_pb_section][et_pb_section fb_built=&#8221;1&#8243; admin_label=&#8221;Section &#8211; La Collection est : pictos&#8221; module_id=&#8221;section-pictos-fiche&#8221; module_class=&#8221;section-text-general&#8221; _builder_version=&#8221;4.16&#8243; _module_preset=&#8221;default&#8221; background_color=&#8221;#000000&#8243; background_image=&#8221;https:\/\/www.pierre-chavin.com\/wp-content\/uploads\/2022\/02\/chavin-background-pictos.jpg&#8221; background_position=&#8221;center_left&#8221; global_colors_info=&#8221;{}&#8221;][et_pb_row use_custom_gutter=&#8221;on&#8221; make_equal=&#8221;on&#8221; admin_label=&#8221;Ligne &#8211; Titre La Collection est : pictos&#8221; module_class=&#8221;row-width&#8221; _builder_version=&#8221;4.16&#8243; _module_preset=&#8221;default&#8221; global_colors_info=&#8221;{}&#8221;][et_pb_column type=&#8221;4_4&#8243; _builder_version=&#8221;4.16&#8243; _module_preset=&#8221;default&#8221; global_colors_info=&#8221;{}&#8221;][et_pb_text admin_label=&#8221;Titre &#8211; La Collection est : pictos&#8221; module_class=&#8221;bloc-general-texte center blanc&#8221; _builder_version=&#8221;4.20.2&#8243; _module_preset=&#8221;default&#8221; global_colors_info=&#8221;{}&#8221;]<\/p>\n<h3>The Pierre Z\u00e9ro collection is<\/h3>\n\n<p>[\/et_pb_text][\/et_pb_column][\/et_pb_row][\/et_pb_section][et_pb_section fb_built=&#8221;1&#8243; admin_label=&#8221;Section &#8211; Pierre Z\u00e9ro section de texte&#8221; module_class=&#8221;section-text-general section-intro-collections gamme&#8221; _builder_version=&#8221;4.16&#8243; _module_preset=&#8221;default&#8221; background_color=&#8221;#000000&#8243; global_colors_info=&#8221;{}&#8221;][et_pb_row column_structure=&#8221;1_2,1_2&#8243; use_custom_gutter=&#8221;on&#8221; make_equal=&#8221;on&#8221; admin_label=&#8221;Ligne &#8211; Pierre Z\u00e9ro section de texte&#8221; module_class=&#8221;row-width row-width-image&#8221; _builder_version=&#8221;4.16&#8243; _module_preset=&#8221;default&#8221; global_colors_info=&#8221;{}&#8221;][et_pb_column type=&#8221;1_2&#8243; _builder_version=&#8221;4.16&#8243; _module_preset=&#8221;default&#8221; global_colors_info=&#8221;{}&#8221;][et_pb_text admin_label=&#8221;Texte &#8211; Pierre Z\u00e9ro est une marque pr\u00e9sente&#8230;&#8221; module_class=&#8221;bloc-general-texte blanc left&#8221; _builder_version=&#8221;4.16&#8243; _module_preset=&#8221;default&#8221; global_colors_info=&#8221;{}&#8221;]<\/p>\n<p><strong>Pierre Z\u00e9ro<\/strong> is a brand that is present in the restaurant industry and through rather exclusive distribution.<\/p>\n<p>[\/et_pb_text][et_pb_image src=&#8221;https:\/\/www.pierre-chavin.com\/wp-content\/uploads\/2025\/06\/thumbnail_CDN_GALETTE_050124_\u00aeAV-23-scaled.jpg&#8221; title_text=&#8221;thumbnail_CDN_GALETTE_050124_\u00aeAV-23&#8243; module_class=&#8221;image-page-content&#8221; _builder_version=&#8221;4.27.4&#8243; _module_preset=&#8221;default&#8221; animation_style=&#8221;slide&#8221; animation_direction=&#8221;left&#8221; animation_delay=&#8221;500ms&#8221; animation_intensity_slide=&#8221;10%&#8221; global_colors_info=&#8221;{}&#8221;][\/et_pb_image][\/et_pb_column][et_pb_column type=&#8221;1_2&#8243; module_class=&#8221;column-reverse&#8221; _builder_version=&#8221;4.16&#8243; _module_preset=&#8221;default&#8221; global_colors_info=&#8221;{}&#8221;][et_pb_image src=&#8221;https:\/\/www.pierre-chavin.com\/wp-content\/uploads\/2025\/06\/Pierre-Zero-Spritz-Pique-Nique-2025-16-scaled.jpg&#8221; title_text=&#8221;Pierre Z\u00e9ro Spritz &#8211; Pique-Nique 2025 (16)&#8221; module_class=&#8221;image-page-content&#8221; _builder_version=&#8221;4.27.4&#8243; _module_preset=&#8221;default&#8221; animation_style=&#8221;slide&#8221; animation_direction=&#8221;right&#8221; animation_delay=&#8221;500ms&#8221; animation_intensity_slide=&#8221;10%&#8221; global_colors_info=&#8221;{}&#8221;][\/et_pb_image][et_pb_text admin_label=&#8221;Texte &#8211; Pierre Z\u00e9ro est une marque Premium&#8230;.&#8221; module_class=&#8221;bloc-general-texte blanc right&#8221; _builder_version=&#8221;4.16&#8243; _module_preset=&#8221;default&#8221; global_colors_info=&#8221;{}&#8221;]<\/p>\n<p><strong>Pierre Z\u00e9ro<\/strong> is a <strong>premium<\/strong> brand that has unquestionably become the reference for French <strong>non-alcoholic products<\/strong>.<\/p>\n<p>It is present in many countries around the world and has obtained <strong>awards<\/strong> and <strong>distinctions<\/strong>.<\/p>\n<p>[\/et_pb_text][\/et_pb_column][\/et_pb_row][et_pb_row use_custom_gutter=&#8221;on&#8221; make_equal=&#8221;on&#8221; admin_label=&#8221;Ligne &#8211; Mise en avant vid\u00e9o&#8221; module_class=&#8221;row-width row-width-titre mise-en-avant&#8221; _builder_version=&#8221;4.16&#8243; _module_preset=&#8221;default&#8221; global_colors_info=&#8221;{}&#8221;][et_pb_column type=&#8221;4_4&#8243; _builder_version=&#8221;4.16&#8243; _module_preset=&#8221;default&#8221; link_option_url_new_window=&#8221;on&#8221; global_colors_info=&#8221;{}&#8221;][et_pb_gallery disabled_on=&#8221;on|on|on&#8221; admin_label=&#8221;Galerie &#8211; Activation Manific popup&#8221; _builder_version=&#8221;4.16&#8243; _module_preset=&#8221;default&#8221; disabled=&#8221;on&#8221; global_colors_info=&#8221;{}&#8221;][\/et_pb_gallery][\/et_pb_column][\/et_pb_row][\/et_pb_section][et_pb_section fb_built=&#8221;1&#8243; admin_label=&#8221;Section &#8211; La collection Pierre Z\u00e9ro&#8221; module_class=&#8221;section-text-general&#8221; _builder_version=&#8221;4.16&#8243; _module_preset=&#8221;default&#8221; background_color=&#8221;#18191a&#8221; collapsed=&#8221;off&#8221; global_colors_info=&#8221;{}&#8221;][et_pb_row use_custom_gutter=&#8221;on&#8221; make_equal=&#8221;on&#8221; admin_label=&#8221;Ligne &#8211; Titre  La collection Pierre Z\u00e9ro&#8221; module_class=&#8221;row-width row-width-titre&#8221; _builder_version=&#8221;4.16&#8243; _module_preset=&#8221;default&#8221; global_colors_info=&#8221;{}&#8221;][et_pb_column type=&#8221;4_4&#8243; _builder_version=&#8221;4.16&#8243; _module_preset=&#8221;default&#8221; global_colors_info=&#8221;{}&#8221;][et_pb_text admin_label=&#8221;Titre &#8211;  La collection Pierre Z\u00e9ro&#8221; module_class=&#8221;bloc-general-texte center blanc&#8221; _builder_version=&#8221;4.16&#8243; _module_preset=&#8221;default&#8221; global_colors_info=&#8221;{}&#8221;]<\/p>\n<h2>Collection<\/h2>\n<p>Pierre Z\u00e9ro<\/p>\n\n<p>[\/et_pb_text][\/et_pb_column][\/et_pb_row][\/et_pb_section][et_pb_section fb_built=&#8221;1&#8243; admin_label=&#8221;Section &#8211; Les actus&#8221; module_class=&#8221;section-text-general&#8221; _builder_version=&#8221;4.16&#8243; _module_preset=&#8221;default&#8221; background_color=&#8221;#FFFFFF&#8221; collapsed=&#8221;off&#8221; global_colors_info=&#8221;{}&#8221;][et_pb_row use_custom_gutter=&#8221;on&#8221; make_equal=&#8221;on&#8221; admin_label=&#8221;Ligne &#8211; Titre Les actus&#8221; module_class=&#8221;row-width row-width-titre&#8221; _builder_version=&#8221;4.16&#8243; _module_preset=&#8221;default&#8221; global_colors_info=&#8221;{}&#8221;][et_pb_column type=&#8221;4_4&#8243; _builder_version=&#8221;4.16&#8243; _module_preset=&#8221;default&#8221; global_colors_info=&#8221;{}&#8221;][et_pb_text admin_label=&#8221;Titre &#8211; Les actus&#8221; module_class=&#8221;bloc-general-texte center&#8221; _builder_version=&#8221;4.16&#8243; _module_preset=&#8221;default&#8221; global_colors_info=&#8221;{}&#8221;]<\/p>\n<h2>News<\/h2>\n<p>Pierre Z\u00e9ro<\/p>\n<p>[\/et_pb_text][\/et_pb_column][\/et_pb_row][et_pb_row column_structure=&#8221;1_3,2_3&#8243; use_custom_gutter=&#8221;on&#8221; gutter_width=&#8221;1&#8243; make_equal=&#8221;on&#8221; admin_label=&#8221;Ligne &#8211; Titre Les actus&#8221; module_class=&#8221;row-width&#8221; _builder_version=&#8221;4.16&#8243; _module_preset=&#8221;default&#8221; global_colors_info=&#8221;{}&#8221;][et_pb_column type=&#8221;1_3&#8243; module_class=&#8221;column-rs-maques&#8221; _builder_version=&#8221;4.16&#8243; _module_preset=&#8221;default&#8221; background_color=&#8221;#000000&#8243; global_colors_info=&#8221;{}&#8221;][et_pb_text admin_label=&#8221;Titre &#8211; Retrouvez Pierre Z\u00e9ro sur les r\u00e9seaux sociaux&#8221; module_class=&#8221;bloc-general-texte center blanc&#8221; _builder_version=&#8221;4.20.2&#8243; _module_preset=&#8221;default&#8221; global_colors_info=&#8221;{}&#8221;]<\/p>\n<h3>Find Pierre Z\u00e9ro on social networks<\/h3>\n<p>[\/et_pb_text][et_pb_social_media_follow follow_button=&#8221;on&#8221; use_icon_font_size=&#8221;on&#8221; icon_font_size=&#8221;22px&#8221; module_class=&#8221;rs-page-marque&#8221; _builder_version=&#8221;4.22.2&#8243; _module_preset=&#8221;default&#8221; global_colors_info=&#8221;{}&#8221;][et_pb_social_media_follow_network social_network=&#8221;instagram&#8221; url=&#8221;https:\/\/www.instagram.com\/pierrezero_by_chavin\/&#8221; icon_color=&#8221;#000000&#8243; _builder_version=&#8221;4.22.2&#8243; _module_preset=&#8221;default&#8221; background_color=&#8221;#FFFFFF&#8221; background_enable_color=&#8221;on&#8221; border_radii=&#8221;on|50%|50%|50%|50%&#8221; global_colors_info=&#8221;{}&#8221; follow_button=&#8221;on&#8221; url_new_window=&#8221;on&#8221;]instagram[\/et_pb_social_media_follow_network][et_pb_social_media_follow_network social_network=&#8221;facebook&#8221; url=&#8221;https:\/\/www.facebook.com\/pierrezero.fr\/&#8221; icon_color=&#8221;#000000&#8243; _builder_version=&#8221;4.22.2&#8243; _module_preset=&#8221;default&#8221; background_color=&#8221;#FFFFFF&#8221; background_enable_color=&#8221;on&#8221; border_radii=&#8221;on|50%|50%|50%|50%&#8221; global_colors_info=&#8221;{}&#8221; follow_button=&#8221;on&#8221; url_new_window=&#8221;on&#8221;]facebook[\/et_pb_social_media_follow_network][\/et_pb_social_media_follow][\/et_pb_column][et_pb_column type=&#8221;2_3&#8243; _builder_version=&#8221;4.16&#8243; _module_preset=&#8221;default&#8221; global_colors_info=&#8221;{}&#8221;][et_pb_code admin_label=&#8221;Actualit\u00e9s Liste pour Pierre Z\u00e9ro&#8221; _builder_version=&#8221;4.16&#8243; _module_preset=&#8221;default&#8221; global_colors_info=&#8221;{}&#8221;][\/et_pb_code][\/et_pb_column][\/et_pb_row][et_pb_row use_custom_gutter=&#8221;on&#8221; make_equal=&#8221;on&#8221; admin_label=&#8221;Ligne &#8211; Button Les actus&#8221; module_class=&#8221;row-width row-width-titre no-marge-top&#8221; _builder_version=&#8221;4.16&#8243; _module_preset=&#8221;default&#8221; global_colors_info=&#8221;{}&#8221;][et_pb_column type=&#8221;4_4&#8243; _builder_version=&#8221;4.16&#8243; _module_preset=&#8221;default&#8221; global_colors_info=&#8221;{}&#8221;][et_pb_button button_url=&#8221;@ET-DC@eyJkeW5hbWljIjp0cnVlLCJjb250ZW50IjoicG9zdF9saW5rX3VybF9wYWdlIiwic2V0dGluZ3MiOnsicG9zdF9pZCI6IjU2NzUifX0=@&#8221; button_text=&#8221;All the news&#8221; button_alignment=&#8221;center&#8221; admin_label=&#8221;Toutes les actualit\u00e9s&#8221; module_class=&#8221;bt-link-global noir&#8221; _builder_version=&#8221;4.16&#8243; _dynamic_attributes=&#8221;button_url&#8221; _module_preset=&#8221;default&#8221; global_colors_info=&#8221;{}&#8221;][\/et_pb_button][\/et_pb_column][\/et_pb_row][\/et_pb_section]<\/p>\n","protected":false},"excerpt":{"rendered":"<p>Pierre Z\u00e9roNon-Alcoholic CollectionPierre Z\u00e9ro Cuv\u00e9es Pierre Z\u00e9ro is the original brand of Maison Chavin. With more than ten years of history, it has been enriched over the years with different grape varieties and different packaging. It is a complete proposition with its Classique, Prestige and emblematic Signature ranges.The Classique RangeThe Prestige RangeThe Signature RangeThe Pierre [&hellip;]<\/p>\n","protected":false},"author":1,"featured_media":0,"parent":21987,"menu_order":0,"comment_status":"closed","ping_status":"closed","template":"","meta":{"_acf_changed":false,"_et_pb_use_builder":"on","_et_pb_old_content":"","_et_gb_content_width":"","footnotes":""},"class_list":["post-22180","page","type-page","status-publish","hentry"],"acf":[],"_links":{"self":[{"href":"https:\/\/www.pierre-chavin.com\/en\/wp-json\/wp\/v2\/pages\/22180","targetHints":{"allow":["GET"]}}],"collection":[{"href":"https:\/\/www.pierre-chavin.com\/en\/wp-json\/wp\/v2\/pages"}],"about":[{"href":"https:\/\/www.pierre-chavin.com\/en\/wp-json\/wp\/v2\/types\/page"}],"author":[{"embeddable":true,"href":"https:\/\/www.pierre-chavin.com\/en\/wp-json\/wp\/v2\/users\/1"}],"replies":[{"embeddable":true,"href":"https:\/\/www.pierre-chavin.com\/en\/wp-json\/wp\/v2\/comments?post=22180"}],"version-history":[{"count":4,"href":"https:\/\/www.pierre-chavin.com\/en\/wp-json\/wp\/v2\/pages\/22180\/revisions"}],"predecessor-version":[{"id":28247,"href":"https:\/\/www.pierre-chavin.com\/en\/wp-json\/wp\/v2\/pages\/22180\/revisions\/28247"}],"up":[{"embeddable":true,"href":"https:\/\/www.pierre-chavin.com\/en\/wp-json\/wp\/v2\/pages\/21987"}],"wp:attachment":[{"href":"https:\/\/www.pierre-chavin.com\/en\/wp-json\/wp\/v2\/media?parent=22180"}],"curies":[{"name":"wp","href":"https:\/\/api.w.org\/{rel}","templated":true}]}}