{"id":22151,"date":"2022-02-14T16:35:09","date_gmt":"2022-02-14T15:35:09","guid":{"rendered":"https:\/\/www.pierre-chavin.com\/the-alcohol-free-collection\/les-cocottes\/"},"modified":"2023-10-23T15:31:52","modified_gmt":"2023-10-23T13:31:52","slug":"les-cocottes","status":"publish","type":"page","link":"https:\/\/www.pierre-chavin.com\/en\/the-non-alcoholic-collection\/les-cocottes\/","title":{"rendered":"LES COCOTTES"},"content":{"rendered":"<p>[et_pb_section fb_built=&#8221;1&#8243; admin_label=&#8221;Section &#8211; Titre LES COCOTTES&#8221; module_id=&#8221;entete-hauteur&#8221; module_class=&#8221;entete-hauteur-page slider&#8221; _builder_version=&#8221;4.16&#8243; _module_preset=&#8221;default&#8221; background_color=&#8221;#efefef&#8221; background_image=&#8221;https:\/\/www.pierre-chavin.com\/wp-content\/uploads\/2022\/05\/PHOTO_BACK_NB_CHAVIN_LESCOCOTTES_COUV.jpg&#8221; global_colors_info=&#8221;{}&#8221;][et_pb_row admin_label=&#8221;Ligne &#8211; Titre LES COCOTTES&#8221; module_class=&#8221;row-width row-width-full&#8221; _builder_version=&#8221;4.16&#8243; _module_preset=&#8221;default&#8221; global_colors_info=&#8221;{}&#8221;][et_pb_column type=&#8221;4_4&#8243; _builder_version=&#8221;4.16&#8243; _module_preset=&#8221;default&#8221; global_colors_info=&#8221;{}&#8221;][et_pb_slider show_pagination=&#8221;off&#8221; admin_label=&#8221;Titre &#8211; LES COCOTTES&#8221; module_class=&#8221;slider-basique&#8221; _builder_version=&#8221;4.16&#8243; _module_preset=&#8221;default&#8221; global_colors_info=&#8221;{}&#8221;][et_pb_slide _builder_version=&#8221;4.16&#8243; _module_preset=&#8221;default&#8221; background_enable_color=&#8221;off&#8221; background_enable_image=&#8221;off&#8221; global_colors_info=&#8221;{}&#8221; sticky_transition=&#8221;on&#8221;]<\/p>\n<h1>LES COCOTTES<br \/><strong>Collection Sans Alcool<\/strong><\/h1>\n<p>[\/et_pb_slide][\/et_pb_slider][\/et_pb_column][\/et_pb_row][\/et_pb_section][et_pb_section fb_built=&#8221;1&#8243; admin_label=&#8221;Section &#8211; Intro pr\u00e9sentation&#8221; module_id=&#8221;intro-page-fiche&#8221; module_class=&#8221;section-text-general&#8221; _builder_version=&#8221;4.16&#8243; _module_preset=&#8221;default&#8221; background_color=&#8221;#000000&#8243; global_colors_info=&#8221;{}&#8221;][et_pb_row use_custom_gutter=&#8221;on&#8221; make_equal=&#8221;on&#8221; admin_label=&#8221;Ligne &#8211; Titre + LES COCOTTES Intro&#8221; module_class=&#8221;row-width&#8221; _builder_version=&#8221;4.16&#8243; _module_preset=&#8221;default&#8221; global_colors_info=&#8221;{}&#8221;][et_pb_column type=&#8221;4_4&#8243; _builder_version=&#8221;4.16&#8243; _module_preset=&#8221;default&#8221; global_colors_info=&#8221;{}&#8221;][et_pb_text admin_label=&#8221;Titre + LES COCOTTES Intro&#8221; module_class=&#8221;bloc-general-texte center blanc&#8221; _builder_version=&#8221;4.16&#8243; _module_preset=&#8221;default&#8221; global_colors_info=&#8221;{}&#8221;]<\/p>\n<h2>Les cuv\u00e9es LES COCOTTES<span class=\"EOP SCXW165553471 BCX0\" data-ccp-props=\"{&quot;335551550&quot;:6,&quot;335551620&quot;:6,&quot;335559685&quot;:708,&quot;335559739&quot;:160}\">\u00a0<\/span><\/h2>\n<p>Les Cocottes est une gamme de vins d\u00e9salcoolis\u00e9s qui a su conserver tous les ar\u00f4mes du vin classique <strong>sans les inconv\u00e9nients de l&#8217;alcool.<\/strong> L\u00e9ger comme une aile de papillon dit-on, \u00e0 l&#8217;image de notre marque sans alcool <strong>l\u00e9g\u00e8re en calories<\/strong>, et plus que l\u00e9g\u00e8re en alcool.<\/p>\n<p>[\/et_pb_text][\/et_pb_column][\/et_pb_row][\/et_pb_section][et_pb_section fb_built=&#8221;1&#8243; admin_label=&#8221;Section &#8211; La Collection est : pictos&#8221; module_id=&#8221;section-pictos-fiche&#8221; module_class=&#8221;section-text-general&#8221; _builder_version=&#8221;4.16&#8243; _module_preset=&#8221;default&#8221; background_color=&#8221;#cccccc&#8221; background_image=&#8221;https:\/\/www.pierre-chavin.com\/wp-content\/uploads\/2022\/05\/PHOTO_BACK_NB_CHAVIN_PAPILLON_LESCOCOTTES.jpg&#8221; background_position=&#8221;center_left&#8221; global_colors_info=&#8221;{}&#8221;][et_pb_row use_custom_gutter=&#8221;on&#8221; make_equal=&#8221;on&#8221; admin_label=&#8221;Ligne &#8211; Titre La Collection est : pictos&#8221; module_class=&#8221;row-width&#8221; _builder_version=&#8221;4.16&#8243; _module_preset=&#8221;default&#8221; global_colors_info=&#8221;{}&#8221;][et_pb_column type=&#8221;4_4&#8243; _builder_version=&#8221;4.16&#8243; _module_preset=&#8221;default&#8221; global_colors_info=&#8221;{}&#8221;][et_pb_text admin_label=&#8221;Titre &#8211; La Collection est : pictos&#8221; module_class=&#8221;bloc-general-texte center blanc&#8221; _builder_version=&#8221;4.16&#8243; _module_preset=&#8221;default&#8221; global_colors_info=&#8221;{}&#8221;]<\/p>\n<h3>La Collection LES COCOTTES est<span class=\"EOP SCXW165553471 BCX0\" data-ccp-props=\"{&quot;335551550&quot;:6,&quot;335551620&quot;:6,&quot;335559685&quot;:708,&quot;335559739&quot;:160}\">\u00a0<\/span><\/h3>\n\n<p>[\/et_pb_text][\/et_pb_column][\/et_pb_row][\/et_pb_section][et_pb_section fb_built=&#8221;1&#8243; admin_label=&#8221;Section &#8211; LES COCOTTES section de texte&#8221; module_class=&#8221;section-text-general section-intro-collections gamme&#8221; _builder_version=&#8221;4.16&#8243; _module_preset=&#8221;default&#8221; background_color=&#8221;#000000&#8243; global_colors_info=&#8221;{}&#8221;][et_pb_row column_structure=&#8221;1_2,1_2&#8243; use_custom_gutter=&#8221;on&#8221; make_equal=&#8221;on&#8221; admin_label=&#8221;Ligne &#8211; LES COCOTTES section de texte&#8221; module_class=&#8221;row-width row-width-image&#8221; _builder_version=&#8221;4.16&#8243; _module_preset=&#8221;default&#8221; global_colors_info=&#8221;{}&#8221;][et_pb_column type=&#8221;1_2&#8243; _builder_version=&#8221;4.16&#8243; _module_preset=&#8221;default&#8221; global_colors_info=&#8221;{}&#8221;][et_pb_text admin_label=&#8221;Texte &#8211; LES COCOTTES &#8230;&#8221; module_class=&#8221;bloc-general-texte blanc left&#8221; _builder_version=&#8221;4.16&#8243; _module_preset=&#8221;default&#8221; global_colors_info=&#8221;{}&#8221;]<\/p>\n<p>Les Cocottes a une <strong>symbolique forte<\/strong> tant par son contenant que par son contenu. Sur l&#8217;\u00e9tiquette vous pouvez retrouver la symbolique du papillon. Le papillon est <strong>d\u00e9licat<\/strong> \u00e0 l\u2019image des <strong>ar\u00f4mes<\/strong> de nos sans alcool mais paradoxalement <strong>curieux et audacieux<\/strong>.<\/p>\n<p>[\/et_pb_text][et_pb_image src=&#8221;https:\/\/www.pierre-chavin.com\/wp-content\/uploads\/2022\/05\/PHOTO_PAGE_PRODUIT_LesCocottes_02.jpg&#8221; title_text=&#8221;PHOTO_PAGE_PRODUIT_LesCocottes_02&#8243; module_class=&#8221;image-page-content&#8221; _builder_version=&#8221;4.16&#8243; _module_preset=&#8221;default&#8221; animation_style=&#8221;slide&#8221; animation_direction=&#8221;left&#8221; animation_delay=&#8221;500ms&#8221; animation_intensity_slide=&#8221;10%&#8221; global_colors_info=&#8221;{}&#8221;][\/et_pb_image][\/et_pb_column][et_pb_column type=&#8221;1_2&#8243; module_class=&#8221;column-reverse&#8221; _builder_version=&#8221;4.16&#8243; _module_preset=&#8221;default&#8221; global_colors_info=&#8221;{}&#8221;][et_pb_image src=&#8221;https:\/\/www.pierre-chavin.com\/wp-content\/uploads\/2022\/05\/PHOTO_PAGE_PRODUIT_LesCocottes_01.jpg&#8221; title_text=&#8221;PHOTO_PAGE_PRODUIT_LesCocottes_01&#8243; module_class=&#8221;image-page-content&#8221; _builder_version=&#8221;4.16&#8243; _module_preset=&#8221;default&#8221; animation_style=&#8221;slide&#8221; animation_direction=&#8221;right&#8221; animation_delay=&#8221;500ms&#8221; animation_intensity_slide=&#8221;10%&#8221; global_colors_info=&#8221;{}&#8221;][\/et_pb_image][et_pb_text admin_label=&#8221;Texte &#8211; LES COCOTTES &#8230;.&#8221; module_class=&#8221;bloc-general-texte blanc right&#8221; _builder_version=&#8221;4.16&#8243; _module_preset=&#8221;default&#8221; global_colors_info=&#8221;{}&#8221;]<\/p>\n<p>Le papillon est le fruit d\u2019une m\u00e9tamorphose, d\u2019abord chenille, puis chrysalide pour devenir ensuite l\u2019insecte ail\u00e9 aux milles couleurs \u00e0 l\u2019image du <strong>vin sans alcool<\/strong> et de son proc\u00e9d\u00e9 d\u2019\u00e9laboration complexe.<\/p>\n<p>Enfin selon la m\u00e9taphore, le battement d\u2019ailes d\u2019un papillon peut avoir des cons\u00e9quences d\u00e9passant les limites. Cette philosophie fait partie int\u00e9grante de l\u2019<strong>ADN de CHAVIN<\/strong>.<\/p>\n<p>[\/et_pb_text][\/et_pb_column][\/et_pb_row][\/et_pb_section][et_pb_section fb_built=&#8221;1&#8243; admin_label=&#8221;Section &#8211; La collection LES COCOTTES&#8221; module_class=&#8221;section-text-general&#8221; _builder_version=&#8221;4.16&#8243; _module_preset=&#8221;default&#8221; background_color=&#8221;#18191a&#8221; collapsed=&#8221;off&#8221; global_colors_info=&#8221;{}&#8221;][et_pb_row use_custom_gutter=&#8221;on&#8221; make_equal=&#8221;on&#8221; admin_label=&#8221;Ligne &#8211; Titre  La collection LES COCOTTES&#8221; module_class=&#8221;row-width row-width-titre&#8221; _builder_version=&#8221;4.16&#8243; _module_preset=&#8221;default&#8221; global_colors_info=&#8221;{}&#8221;][et_pb_column type=&#8221;4_4&#8243; _builder_version=&#8221;4.16&#8243; _module_preset=&#8221;default&#8221; global_colors_info=&#8221;{}&#8221;][et_pb_text admin_label=&#8221;Titre &#8211;  La collection LES COCOTTES&#8221; module_class=&#8221;bloc-general-texte center blanc&#8221; _builder_version=&#8221;4.16&#8243; _module_preset=&#8221;default&#8221; global_colors_info=&#8221;{}&#8221;]<\/p>\n<h2>La collection<\/h2>\n<p>LES COCOTTES<\/p>\n\n<p>[\/et_pb_text][\/et_pb_column][\/et_pb_row][\/et_pb_section][et_pb_section fb_built=&#8221;1&#8243; admin_label=&#8221;Section &#8211; Les actus&#8221; module_class=&#8221;section-text-general&#8221; _builder_version=&#8221;4.16&#8243; _module_preset=&#8221;default&#8221; background_color=&#8221;#FFFFFF&#8221; collapsed=&#8221;off&#8221; global_colors_info=&#8221;{}&#8221;][et_pb_row use_custom_gutter=&#8221;on&#8221; make_equal=&#8221;on&#8221; admin_label=&#8221;Ligne &#8211; Titre Les actus&#8221; module_class=&#8221;row-width row-width-titre&#8221; _builder_version=&#8221;4.16&#8243; _module_preset=&#8221;default&#8221; global_colors_info=&#8221;{}&#8221;][et_pb_column type=&#8221;4_4&#8243; _builder_version=&#8221;4.16&#8243; _module_preset=&#8221;default&#8221; global_colors_info=&#8221;{}&#8221;][et_pb_text admin_label=&#8221;Titre &#8211; Les actus&#8221; module_class=&#8221;bloc-general-texte center&#8221; _builder_version=&#8221;4.16&#8243; _module_preset=&#8221;default&#8221; global_colors_info=&#8221;{}&#8221;]<\/p>\n<h2>Les actus<\/h2>\n<p>LES COCOTTES<\/p>\n<p>[\/et_pb_text][\/et_pb_column][\/et_pb_row][et_pb_row column_structure=&#8221;1_3,2_3&#8243; use_custom_gutter=&#8221;on&#8221; gutter_width=&#8221;1&#8243; make_equal=&#8221;on&#8221; admin_label=&#8221;Ligne &#8211; Titre Les actus&#8221; module_class=&#8221;row-width&#8221; _builder_version=&#8221;4.16&#8243; _module_preset=&#8221;default&#8221; global_colors_info=&#8221;{}&#8221;][et_pb_column type=&#8221;1_3&#8243; module_class=&#8221;column-rs-maques&#8221; _builder_version=&#8221;4.16&#8243; _module_preset=&#8221;default&#8221; background_color=&#8221;#000000&#8243; global_colors_info=&#8221;{}&#8221;][et_pb_text admin_label=&#8221;Titre &#8211; Retrouvez LES COCOTTES sur les r\u00e9seaux sociaux&#8221; module_class=&#8221;bloc-general-texte center blanc&#8221; _builder_version=&#8221;4.16&#8243; _module_preset=&#8221;default&#8221; global_colors_info=&#8221;{}&#8221;]<\/p>\n<h3>Retrouvez LES COCOTTES sur les r\u00e9seaux sociaux<\/h3>\n<p>[\/et_pb_text][et_pb_social_media_follow follow_button=&#8221;on&#8221; use_icon_font_size=&#8221;on&#8221; icon_font_size=&#8221;22px&#8221; module_class=&#8221;rs-page-marque&#8221; _builder_version=&#8221;4.22.2&#8243; _module_preset=&#8221;default&#8221; global_colors_info=&#8221;{}&#8221;][et_pb_social_media_follow_network social_network=&#8221;instagram&#8221; url=&#8221;https:\/\/www.instagram.com\/pierrechavin_fr\/&#8221; icon_color=&#8221;#000000&#8243; _builder_version=&#8221;4.22.2&#8243; _module_preset=&#8221;default&#8221; background_color=&#8221;#FFFFFF&#8221; background_enable_color=&#8221;on&#8221; hover_enabled=&#8221;0&#8243; border_radii=&#8221;on|50%|50%|50%|50%&#8221; global_colors_info=&#8221;{}&#8221; follow_button=&#8221;on&#8221; url_new_window=&#8221;on&#8221; sticky_enabled=&#8221;0&#8243;]instagram[\/et_pb_social_media_follow_network][et_pb_social_media_follow_network social_network=&#8221;facebook&#8221; url=&#8221;https:\/\/www.facebook.com\/chavin.fr\/&#8221; icon_color=&#8221;#000000&#8243; _builder_version=&#8221;4.22.2&#8243; _module_preset=&#8221;default&#8221; background_color=&#8221;#FFFFFF&#8221; background_enable_color=&#8221;on&#8221; border_radii=&#8221;on|50%|50%|50%|50%&#8221; global_colors_info=&#8221;{}&#8221; follow_button=&#8221;on&#8221; url_new_window=&#8221;on&#8221;]facebook[\/et_pb_social_media_follow_network][\/et_pb_social_media_follow][\/et_pb_column][et_pb_column type=&#8221;2_3&#8243; _builder_version=&#8221;4.16&#8243; _module_preset=&#8221;default&#8221; global_colors_info=&#8221;{}&#8221;][et_pb_code admin_label=&#8221;Actualit\u00e9s Liste pour LES COCOTTES&#8221; _builder_version=&#8221;4.16&#8243; _module_preset=&#8221;default&#8221; global_colors_info=&#8221;{}&#8221;][\/et_pb_code][\/et_pb_column][\/et_pb_row][et_pb_row use_custom_gutter=&#8221;on&#8221; make_equal=&#8221;on&#8221; admin_label=&#8221;Ligne &#8211; Button Les actus&#8221; module_class=&#8221;row-width row-width-titre no-marge-top&#8221; _builder_version=&#8221;4.16&#8243; _module_preset=&#8221;default&#8221; global_colors_info=&#8221;{}&#8221;][et_pb_column type=&#8221;4_4&#8243; _builder_version=&#8221;4.16&#8243; _module_preset=&#8221;default&#8221; global_colors_info=&#8221;{}&#8221;][et_pb_button button_url=&#8221;@ET-DC@eyJkeW5hbWljIjp0cnVlLCJjb250ZW50IjoicG9zdF9saW5rX3VybF9wYWdlIiwic2V0dGluZ3MiOnsicG9zdF9pZCI6IjU2NzUifX0=@&#8221; button_text=&#8221;Toutes les actualit\u00e9s&#8221; button_alignment=&#8221;center&#8221; admin_label=&#8221;Toutes les actualit\u00e9s&#8221; module_class=&#8221;bt-link-global noir&#8221; _builder_version=&#8221;4.16&#8243; _dynamic_attributes=&#8221;button_url&#8221; _module_preset=&#8221;default&#8221; global_colors_info=&#8221;{}&#8221;][\/et_pb_button][\/et_pb_column][\/et_pb_row][\/et_pb_section]<\/p>\n","protected":false},"excerpt":{"rendered":"<p>LES COCOTTESCollection Sans AlcoolLes cuv\u00e9es LES COCOTTES\u00a0 Les Cocottes est une gamme de vins d\u00e9salcoolis\u00e9s qui a su conserver tous les ar\u00f4mes du vin classique sans les inconv\u00e9nients de l&#8217;alcool. L\u00e9ger comme une aile de papillon dit-on, \u00e0 l&#8217;image de notre marque sans alcool l\u00e9g\u00e8re en calories, et plus que l\u00e9g\u00e8re en alcool.La Collection LES [&hellip;]<\/p>\n","protected":false},"author":1,"featured_media":0,"parent":21987,"menu_order":0,"comment_status":"closed","ping_status":"closed","template":"","meta":{"_acf_changed":false,"_et_pb_use_builder":"on","_et_pb_old_content":"","_et_gb_content_width":"","footnotes":""},"class_list":["post-22151","page","type-page","status-publish","hentry"],"acf":[],"_links":{"self":[{"href":"https:\/\/www.pierre-chavin.com\/en\/wp-json\/wp\/v2\/pages\/22151","targetHints":{"allow":["GET"]}}],"collection":[{"href":"https:\/\/www.pierre-chavin.com\/en\/wp-json\/wp\/v2\/pages"}],"about":[{"href":"https:\/\/www.pierre-chavin.com\/en\/wp-json\/wp\/v2\/types\/page"}],"author":[{"embeddable":true,"href":"https:\/\/www.pierre-chavin.com\/en\/wp-json\/wp\/v2\/users\/1"}],"replies":[{"embeddable":true,"href":"https:\/\/www.pierre-chavin.com\/en\/wp-json\/wp\/v2\/comments?post=22151"}],"version-history":[{"count":0,"href":"https:\/\/www.pierre-chavin.com\/en\/wp-json\/wp\/v2\/pages\/22151\/revisions"}],"up":[{"embeddable":true,"href":"https:\/\/www.pierre-chavin.com\/en\/wp-json\/wp\/v2\/pages\/21987"}],"wp:attachment":[{"href":"https:\/\/www.pierre-chavin.com\/en\/wp-json\/wp\/v2\/media?parent=22151"}],"curies":[{"name":"wp","href":"https:\/\/api.w.org\/{rel}","templated":true}]}}