{"id":22114,"date":"2022-02-09T17:31:35","date_gmt":"2022-02-09T16:31:35","guid":{"rendered":"https:\/\/www.pierre-chavin.com\/the-alcohol-free-collection\/le-petit-chavin\/"},"modified":"2023-10-23T15:07:15","modified_gmt":"2023-10-23T13:07:15","slug":"le-petit-chavin","status":"publish","type":"page","link":"https:\/\/www.pierre-chavin.com\/en\/the-non-alcoholic-collection\/le-petit-chavin\/","title":{"rendered":"Le Petit Chavin"},"content":{"rendered":"<p>[et_pb_section fb_built=&#8221;1&#8243; admin_label=&#8221;Section &#8211; Titre Petit Chavin&#8221; module_id=&#8221;entete-hauteur&#8221; module_class=&#8221;entete-hauteur-page slider&#8221; _builder_version=&#8221;4.16&#8243; _module_preset=&#8221;default&#8221; background_color=&#8221;#efefef&#8221; global_colors_info=&#8221;{}&#8221;][et_pb_row admin_label=&#8221;Ligne &#8211; Titre Petit Chavin&#8221; module_class=&#8221;row-width row-width-full&#8221; _builder_version=&#8221;4.16&#8243; _module_preset=&#8221;default&#8221; global_colors_info=&#8221;{}&#8221;][et_pb_column type=&#8221;4_4&#8243; _builder_version=&#8221;4.16&#8243; _module_preset=&#8221;default&#8221; global_colors_info=&#8221;{}&#8221;][et_pb_slider show_pagination=&#8221;off&#8221; admin_label=&#8221;Titre &#8211; Petit Chavin&#8221; module_class=&#8221;slider-basique&#8221; _builder_version=&#8221;4.16&#8243; _module_preset=&#8221;default&#8221; global_colors_info=&#8221;{}&#8221;][et_pb_slide _builder_version=&#8221;4.16&#8243; _module_preset=&#8221;default&#8221; background_enable_color=&#8221;off&#8221; background_image=&#8221;https:\/\/www.pierre-chavin.com\/wp-content\/uploads\/2022\/02\/chavin-le-petit-chavin-image-fond-entete.jpg&#8221; background_enable_image=&#8221;on&#8221; global_colors_info=&#8221;{}&#8221; sticky_transition=&#8221;on&#8221;]<\/p>\n<h1>Le Petit Chavin<br \/><strong>Non-Alcoholic Collection<\/strong><\/h1>\n<p>[\/et_pb_slide][\/et_pb_slider][\/et_pb_column][\/et_pb_row][\/et_pb_section][et_pb_section fb_built=&#8221;1&#8243; admin_label=&#8221;Section &#8211; Intro pr\u00e9sentation&#8221; module_id=&#8221;intro-page-fiche&#8221; module_class=&#8221;section-text-general&#8221; _builder_version=&#8221;4.16&#8243; _module_preset=&#8221;default&#8221; background_color=&#8221;#000000&#8243; global_colors_info=&#8221;{}&#8221;][et_pb_row use_custom_gutter=&#8221;on&#8221; make_equal=&#8221;on&#8221; admin_label=&#8221;Ligne &#8211; Titre +Petit Chavin Intro&#8221; module_class=&#8221;row-width&#8221; _builder_version=&#8221;4.16&#8243; _module_preset=&#8221;default&#8221; global_colors_info=&#8221;{}&#8221;][et_pb_column type=&#8221;4_4&#8243; _builder_version=&#8221;4.16&#8243; _module_preset=&#8221;default&#8221; global_colors_info=&#8221;{}&#8221;][et_pb_text admin_label=&#8221;Titre + Petit Chavin Intro&#8221; module_class=&#8221;bloc-general-texte center blanc&#8221; _builder_version=&#8221;4.16&#8243; _module_preset=&#8221;default&#8221; global_colors_info=&#8221;{}&#8221;]<\/p>\n<h2>Southern Freshness<\/h2>\n<p>Le <strong>Petit Chavin<\/strong> is the result of a <strong>meticulous selection<\/strong> and <strong>blending of French wines<\/strong>, where the climate and the influence of the sea air bring a beautiful freshness to the grapes.<\/p>\n<p>[\/et_pb_text][\/et_pb_column][\/et_pb_row][\/et_pb_section][et_pb_section fb_built=&#8221;1&#8243; admin_label=&#8221;Section &#8211; La Collection est : pictos&#8221; module_id=&#8221;section-pictos-fiche&#8221; module_class=&#8221;section-text-general&#8221; _builder_version=&#8221;4.16&#8243; _module_preset=&#8221;default&#8221; background_color=&#8221;#000000&#8243; background_image=&#8221;https:\/\/www.pierre-chavin.com\/wp-content\/uploads\/2022\/02\/chavin-le-petit-chavin-header.jpg&#8221; background_position=&#8221;center_left&#8221; global_colors_info=&#8221;{}&#8221;][et_pb_row use_custom_gutter=&#8221;on&#8221; make_equal=&#8221;on&#8221; admin_label=&#8221;Ligne &#8211; Titre La Collection est : pictos&#8221; module_class=&#8221;row-width&#8221; _builder_version=&#8221;4.16&#8243; _module_preset=&#8221;default&#8221; global_colors_info=&#8221;{}&#8221;][et_pb_column type=&#8221;4_4&#8243; _builder_version=&#8221;4.16&#8243; _module_preset=&#8221;default&#8221; global_colors_info=&#8221;{}&#8221;][et_pb_text admin_label=&#8221;Titre &#8211; La Collection est : pictos&#8221; module_class=&#8221;bloc-general-texte center blanc&#8221; _builder_version=&#8221;4.16&#8243; _module_preset=&#8221;default&#8221; global_colors_info=&#8221;{}&#8221;]<\/p>\n<h3>The Le Petit Chavin Collection is<\/h3>\n\n<p>[\/et_pb_text][\/et_pb_column][\/et_pb_row][\/et_pb_section][et_pb_section fb_built=&#8221;1&#8243; admin_label=&#8221;Section &#8211; Petit Chavin section de texte&#8221; module_class=&#8221;section-text-general section-intro-collections gamme&#8221; _builder_version=&#8221;4.16&#8243; _module_preset=&#8221;default&#8221; background_color=&#8221;#000000&#8243; global_colors_info=&#8221;{}&#8221;][et_pb_row column_structure=&#8221;1_2,1_2&#8243; use_custom_gutter=&#8221;on&#8221; make_equal=&#8221;on&#8221; admin_label=&#8221;Ligne &#8211; Petit Chavin section de texte&#8221; module_class=&#8221;row-width row-width-image&#8221; _builder_version=&#8221;4.16&#8243; _module_preset=&#8221;default&#8221; global_colors_info=&#8221;{}&#8221;][et_pb_column type=&#8221;1_2&#8243; _builder_version=&#8221;4.16&#8243; _module_preset=&#8221;default&#8221; global_colors_info=&#8221;{}&#8221;][et_pb_text admin_label=&#8221;Texte &#8211; Le style profond\u00e9ment ancr\u00e9 dans l\u2019univers&#8230;&#8221; module_class=&#8221;bloc-general-texte blanc left&#8221; _builder_version=&#8221;4.16&#8243; _module_preset=&#8221;default&#8221; global_colors_info=&#8221;{}&#8221;]<\/p>\n<p>The style, deeply rooted in the <strong>Mediterranean universe<\/strong>, symbolises an <strong>art of living<\/strong> where culture and terroir come together. <strong>Le Petit Chavin<\/strong> is a range of <strong>de-alcoholised<\/strong> wines enhanced by <strong>fragrant aromas<\/strong>, freshness and sweetness on the palate.<\/p>\n<p>[\/et_pb_text][et_pb_image src=&#8221;https:\/\/www.pierre-chavin.com\/wp-content\/uploads\/2022\/02\/chavin-le-petit-chavin-image-texte2.jpg&#8221; title_text=&#8221;chavin-le-petit-chavin-image-texte2&#8243; module_class=&#8221;image-page-content&#8221; _builder_version=&#8221;4.16&#8243; _module_preset=&#8221;default&#8221; animation_style=&#8221;slide&#8221; animation_direction=&#8221;left&#8221; animation_delay=&#8221;500ms&#8221; animation_intensity_slide=&#8221;10%&#8221; global_colors_info=&#8221;{}&#8221;][\/et_pb_image][\/et_pb_column][et_pb_column type=&#8221;1_2&#8243; module_class=&#8221;column-reverse&#8221; _builder_version=&#8221;4.16&#8243; _module_preset=&#8221;default&#8221; global_colors_info=&#8221;{}&#8221;][et_pb_image src=&#8221;https:\/\/www.pierre-chavin.com\/wp-content\/uploads\/2022\/02\/chavin-le-petit-chavin-image-texte1.jpg&#8221; title_text=&#8221;chavin-le-petit-chavin-image-texte1&#8243; module_class=&#8221;image-page-content&#8221; _builder_version=&#8221;4.16&#8243; _module_preset=&#8221;default&#8221; animation_style=&#8221;slide&#8221; animation_direction=&#8221;right&#8221; animation_delay=&#8221;500ms&#8221; animation_intensity_slide=&#8221;10%&#8221; global_colors_info=&#8221;{}&#8221;][\/et_pb_image][et_pb_text admin_label=&#8221;Texte &#8211; D\u00e9clin\u00e9 en blanc, en ros\u00e9 et en rouge, &#8230;&#8221; module_class=&#8221;bloc-general-texte blanc right&#8221; _builder_version=&#8221;4.16&#8243; _module_preset=&#8221;default&#8221; global_colors_info=&#8221;{}&#8221;]<\/p>\n<p>Available in <strong>white<\/strong>, <strong>ros\u00e9<\/strong> and <strong>red,<\/strong> <strong>Le Petit Chavin<\/strong> is made from recognised grape varieties such as <strong>Merlot<\/strong>, <strong>Chardonnay<\/strong> and <strong>Muscat<\/strong>, which can be found in sparkling or non-sparkling de-alcoholised wines, for a complete non-alcoholic range.<\/p>\n<p><strong>Le Petit Chavin<\/strong> transports you to the <strong>sunshine between sea<\/strong> and olive groves.<\/p>\n<p>Intended for all those who do not consume alcohol, this range combines <strong>pleasure<\/strong> and <strong>conviviality<\/strong> for many kinds of occasion.<\/p>\n<p>[\/et_pb_text][\/et_pb_column][\/et_pb_row][\/et_pb_section][et_pb_section fb_built=&#8221;1&#8243; admin_label=&#8221;Section &#8211; La collection Petit Chavin&#8221; module_class=&#8221;section-text-general&#8221; _builder_version=&#8221;4.16&#8243; _module_preset=&#8221;default&#8221; background_color=&#8221;#18191a&#8221; collapsed=&#8221;off&#8221; global_colors_info=&#8221;{}&#8221;][et_pb_row use_custom_gutter=&#8221;on&#8221; make_equal=&#8221;on&#8221; admin_label=&#8221;Ligne &#8211; Titre  La collection Petit Chavin&#8221; module_class=&#8221;row-width row-width-titre&#8221; _builder_version=&#8221;4.16&#8243; _module_preset=&#8221;default&#8221; global_colors_info=&#8221;{}&#8221;][et_pb_column type=&#8221;4_4&#8243; _builder_version=&#8221;4.16&#8243; _module_preset=&#8221;default&#8221; global_colors_info=&#8221;{}&#8221;][et_pb_text admin_label=&#8221;Titre &#8211;  La collection Petit Chavin&#8221; module_class=&#8221;bloc-general-texte center blanc&#8221; _builder_version=&#8221;4.16&#8243; _module_preset=&#8221;default&#8221; global_colors_info=&#8221;{}&#8221;]<\/p>\n<h2>Collection<\/h2>\n<p>Le Petit Chavin<\/p>\n\n<p>[\/et_pb_text][\/et_pb_column][\/et_pb_row][\/et_pb_section][et_pb_section fb_built=&#8221;1&#8243; admin_label=&#8221;Section &#8211; Les actus&#8221; module_class=&#8221;section-text-general&#8221; _builder_version=&#8221;4.16&#8243; _module_preset=&#8221;default&#8221; background_color=&#8221;#FFFFFF&#8221; collapsed=&#8221;off&#8221; global_colors_info=&#8221;{}&#8221;][et_pb_row use_custom_gutter=&#8221;on&#8221; make_equal=&#8221;on&#8221; admin_label=&#8221;Ligne &#8211; Titre Les actus&#8221; module_class=&#8221;row-width row-width-titre&#8221; _builder_version=&#8221;4.16&#8243; _module_preset=&#8221;default&#8221; global_colors_info=&#8221;{}&#8221;][et_pb_column type=&#8221;4_4&#8243; _builder_version=&#8221;4.16&#8243; _module_preset=&#8221;default&#8221; global_colors_info=&#8221;{}&#8221;][et_pb_text admin_label=&#8221;Titre &#8211; Les actus&#8221; module_class=&#8221;bloc-general-texte center&#8221; _builder_version=&#8221;4.16&#8243; _module_preset=&#8221;default&#8221; global_colors_info=&#8221;{}&#8221;]<\/p>\n<h2>News<\/h2>\n<p>Le Petit Chavin<\/p>\n<p>[\/et_pb_text][\/et_pb_column][\/et_pb_row][et_pb_row column_structure=&#8221;1_3,2_3&#8243; use_custom_gutter=&#8221;on&#8221; gutter_width=&#8221;1&#8243; make_equal=&#8221;on&#8221; admin_label=&#8221;Ligne &#8211; Titre Les actus&#8221; module_class=&#8221;row-width&#8221; _builder_version=&#8221;4.16&#8243; _module_preset=&#8221;default&#8221; global_colors_info=&#8221;{}&#8221;][et_pb_column type=&#8221;1_3&#8243; module_class=&#8221;column-rs-maques&#8221; _builder_version=&#8221;4.16&#8243; _module_preset=&#8221;default&#8221; background_color=&#8221;#000000&#8243; global_colors_info=&#8221;{}&#8221;][et_pb_text disabled_on=&#8221;on|on|on&#8221; admin_label=&#8221;Titre &#8211; Retrouvez Le Petit Chavin sur les r\u00e9seaux sociaux&#8221; module_class=&#8221;bloc-general-texte center blanc&#8221; _builder_version=&#8221;4.16&#8243; _module_preset=&#8221;default&#8221; disabled=&#8221;on&#8221; global_colors_info=&#8221;{}&#8221;]<\/p>\n<h3>Retrouvez Le Petit Chavin sur les r\u00e9seaux sociaux<\/h3>\n<p>[\/et_pb_text][et_pb_social_media_follow follow_button=&#8221;on&#8221; use_icon_font_size=&#8221;on&#8221; icon_font_size=&#8221;22px&#8221; disabled_on=&#8221;on|on|on&#8221; module_class=&#8221;rs-page-marque&#8221; _builder_version=&#8221;4.22.2&#8243; _module_preset=&#8221;default&#8221; hover_enabled=&#8221;0&#8243; disabled=&#8221;on&#8221; global_colors_info=&#8221;{}&#8221; sticky_enabled=&#8221;0&#8243;][et_pb_social_media_follow_network social_network=&#8221;instagram&#8221; url=&#8221;https:\/\/www.instagram.com\/lepetitchavin_by_chavin\/&#8221; icon_color=&#8221;#000000&#8243; _builder_version=&#8221;4.22.2&#8243; _module_preset=&#8221;default&#8221; background_color=&#8221;#FFFFFF&#8221; background_enable_color=&#8221;on&#8221; hover_enabled=&#8221;0&#8243; border_radii=&#8221;on|50%|50%|50%|50%&#8221; global_colors_info=&#8221;{}&#8221; follow_button=&#8221;on&#8221; url_new_window=&#8221;on&#8221; sticky_enabled=&#8221;0&#8243;]instagram[\/et_pb_social_media_follow_network][et_pb_social_media_follow_network social_network=&#8221;facebook&#8221; url=&#8221;https:\/\/www.facebook.com\/lepetitchavin&#8221; icon_color=&#8221;#000000&#8243; _builder_version=&#8221;4.22.2&#8243; _module_preset=&#8221;default&#8221; background_color=&#8221;#FFFFFF&#8221; background_enable_color=&#8221;on&#8221; hover_enabled=&#8221;0&#8243; border_radii=&#8221;on|50%|50%|50%|50%&#8221; global_colors_info=&#8221;{}&#8221; follow_button=&#8221;on&#8221; url_new_window=&#8221;on&#8221; sticky_enabled=&#8221;0&#8243;]facebook[\/et_pb_social_media_follow_network][\/et_pb_social_media_follow][\/et_pb_column][et_pb_column type=&#8221;2_3&#8243; _builder_version=&#8221;4.16&#8243; _module_preset=&#8221;default&#8221; global_colors_info=&#8221;{}&#8221;][et_pb_code admin_label=&#8221;Actualit\u00e9s Liste pour Le Petit Chavin&#8221; _builder_version=&#8221;4.16&#8243; _module_preset=&#8221;default&#8221; global_colors_info=&#8221;{}&#8221;][\/et_pb_code][\/et_pb_column][\/et_pb_row][et_pb_row use_custom_gutter=&#8221;on&#8221; make_equal=&#8221;on&#8221; admin_label=&#8221;Ligne &#8211; Button Les actus&#8221; module_class=&#8221;row-width row-width-titre no-marge-top&#8221; _builder_version=&#8221;4.16&#8243; _module_preset=&#8221;default&#8221; global_colors_info=&#8221;{}&#8221;][et_pb_column type=&#8221;4_4&#8243; _builder_version=&#8221;4.16&#8243; _module_preset=&#8221;default&#8221; global_colors_info=&#8221;{}&#8221;][et_pb_button button_url=&#8221;@ET-DC@eyJkeW5hbWljIjp0cnVlLCJjb250ZW50IjoicG9zdF9saW5rX3VybF9wYWdlIiwic2V0dGluZ3MiOnsicG9zdF9pZCI6IjU2NzUifX0=@&#8221; button_text=&#8221;All the news&#8221; button_alignment=&#8221;center&#8221; admin_label=&#8221;Toutes les actualit\u00e9s&#8221; module_class=&#8221;bt-link-global noir&#8221; _builder_version=&#8221;4.16&#8243; _dynamic_attributes=&#8221;button_url&#8221; _module_preset=&#8221;default&#8221; global_colors_info=&#8221;{}&#8221;][\/et_pb_button][\/et_pb_column][\/et_pb_row][\/et_pb_section]<\/p>\n","protected":false},"excerpt":{"rendered":"<p>Le Petit ChavinNon-Alcoholic CollectionSouthern Freshness Le Petit Chavin is the result of a meticulous selection and blending of French wines, where the climate and the influence of the sea air bring a beautiful freshness to the grapes.The Le Petit Chavin Collection is The style, deeply rooted in the Mediterranean universe, symbolises an art of [&hellip;]<\/p>\n","protected":false},"author":1,"featured_media":0,"parent":21987,"menu_order":0,"comment_status":"closed","ping_status":"closed","template":"","meta":{"_acf_changed":false,"_et_pb_use_builder":"on","_et_pb_old_content":"","_et_gb_content_width":"","footnotes":""},"class_list":["post-22114","page","type-page","status-publish","hentry"],"acf":[],"_links":{"self":[{"href":"https:\/\/www.pierre-chavin.com\/en\/wp-json\/wp\/v2\/pages\/22114","targetHints":{"allow":["GET"]}}],"collection":[{"href":"https:\/\/www.pierre-chavin.com\/en\/wp-json\/wp\/v2\/pages"}],"about":[{"href":"https:\/\/www.pierre-chavin.com\/en\/wp-json\/wp\/v2\/types\/page"}],"author":[{"embeddable":true,"href":"https:\/\/www.pierre-chavin.com\/en\/wp-json\/wp\/v2\/users\/1"}],"replies":[{"embeddable":true,"href":"https:\/\/www.pierre-chavin.com\/en\/wp-json\/wp\/v2\/comments?post=22114"}],"version-history":[{"count":0,"href":"https:\/\/www.pierre-chavin.com\/en\/wp-json\/wp\/v2\/pages\/22114\/revisions"}],"up":[{"embeddable":true,"href":"https:\/\/www.pierre-chavin.com\/en\/wp-json\/wp\/v2\/pages\/21987"}],"wp:attachment":[{"href":"https:\/\/www.pierre-chavin.com\/en\/wp-json\/wp\/v2\/media?parent=22114"}],"curies":[{"name":"wp","href":"https:\/\/api.w.org\/{rel}","templated":true}]}}