{"id":21987,"date":"2022-02-01T11:42:01","date_gmt":"2022-02-01T10:42:01","guid":{"rendered":"https:\/\/www.pierre-chavin.com\/la-collection-sans-alcool\/"},"modified":"2025-09-29T16:38:55","modified_gmt":"2025-09-29T14:38:55","slug":"the-non-alcoholic-collection","status":"publish","type":"page","link":"https:\/\/www.pierre-chavin.com\/en\/the-non-alcoholic-collection\/","title":{"rendered":"The non-alcoholic collection"},"content":{"rendered":"<p>[et_pb_section fb_built=&#8221;1&#8243; admin_label=&#8221;Section &#8211; Titre Les collections sans alcool&#8221; module_id=&#8221;entete-hauteur&#8221; module_class=&#8221;entete-hauteur-page slider&#8221; _builder_version=&#8221;4.16&#8243; _module_preset=&#8221;default&#8221; background_color=&#8221;#efefef&#8221; global_colors_info=&#8221;{}&#8221;][et_pb_row admin_label=&#8221;Ligne &#8211; Titre Les collections sans alcool&#8221; module_class=&#8221;row-width row-width-full&#8221; _builder_version=&#8221;4.16&#8243; _module_preset=&#8221;default&#8221; global_colors_info=&#8221;{}&#8221;][et_pb_column type=&#8221;4_4&#8243; _builder_version=&#8221;4.16&#8243; _module_preset=&#8221;default&#8221; global_colors_info=&#8221;{}&#8221;][et_pb_slider show_pagination=&#8221;off&#8221; admin_label=&#8221;Titre &#8211; Les collections sans alcool&#8221; module_class=&#8221;slider-basique&#8221; _builder_version=&#8221;4.24.3&#8243; _module_preset=&#8221;default&#8221; global_colors_info=&#8221;{}&#8221;][et_pb_slide _builder_version=&#8221;4.24.3&#8243; _module_preset=&#8221;default&#8221; background_enable_color=&#8221;off&#8221; background_image=&#8221;https:\/\/www.pierre-chavin.com\/wp-content\/uploads\/2024\/07\/PHOTO_BACK_NB_CHAVIN_SANSALCOOL.jpg&#8221; background_enable_image=&#8221;on&#8221; global_colors_info=&#8221;{}&#8221; sticky_transition=&#8221;on&#8221;]<\/p>\n<h1>The non-alcoholic<br \/>collection<\/h1>\n<p>[\/et_pb_slide][\/et_pb_slider][\/et_pb_column][\/et_pb_row][\/et_pb_section][et_pb_section fb_built=&#8221;1&#8243; admin_label=&#8221;Section &#8211; Intro pr\u00e9sentation&#8221; module_id=&#8221;intro-home&#8221; module_class=&#8221;section-text-general&#8221; _builder_version=&#8221;4.16&#8243; _module_preset=&#8221;default&#8221; background_enable_color=&#8221;off&#8221; global_colors_info=&#8221;{}&#8221;][et_pb_row use_custom_gutter=&#8221;on&#8221; make_equal=&#8221;on&#8221; admin_label=&#8221;Ligne &#8211; Titre + Texte Intro&#8221; module_class=&#8221;row-width&#8221; _builder_version=&#8221;4.16&#8243; _module_preset=&#8221;default&#8221; global_colors_info=&#8221;{}&#8221;][et_pb_column type=&#8221;4_4&#8243; _builder_version=&#8221;4.16&#8243; _module_preset=&#8221;default&#8221; global_colors_info=&#8221;{}&#8221;][et_pb_text admin_label=&#8221;Titre + Texte Intro&#8221; module_class=&#8221;bloc-general-texte center&#8221; _builder_version=&#8221;4.16&#8243; _module_preset=&#8221;default&#8221; global_colors_info=&#8221;{}&#8221;]<\/p>\n<h3><strong>Chavin produces non-alcoholic brands,<\/strong><\/h3>\n<p>natural extensions to wines and bubbles and sophisticated alternatives to soft drinks. <strong>Chavin<\/strong>, a <strong>pioneer<\/strong> in this sector, has become a global reference.<\/p>\n<p>This type of drink with a <strong>complex production process<\/strong> has become very popular. <strong>Chavin<\/strong> non-alcoholic products are concerned with <strong>nutritional respect<\/strong>.<\/p>\n<p><strong>Quality<\/strong>, <strong>premium<\/strong> and made from noble<strong> raw materials<\/strong>, <strong>Chavin<\/strong> brands are healthy and meaningful. They are the basis of <strong>non-alcoholic cocktail<\/strong> with advanced recipes.<\/p>\n<p>They are not intended to replace wine on the prestigiously starred restaurant dining tables where they are present, but to provide a <strong>natural complement to alcoholic drinks<\/strong>. These prestigious places know how to combine their exceptional menus with the brands of the <strong>Chavin<\/strong> house.<\/p>\n<p>[\/et_pb_text][\/et_pb_column][\/et_pb_row][\/et_pb_section][et_pb_section fb_built=&#8221;1&#8243; admin_label=&#8221;Section &#8211; Les collectionssans alcool&#8221; module_class=&#8221;section-text-general&#8221; _builder_version=&#8221;4.16&#8243; _module_preset=&#8221;default&#8221; background_color=&#8221;#18191a&#8221; global_colors_info=&#8221;{}&#8221;][et_pb_row use_custom_gutter=&#8221;on&#8221; make_equal=&#8221;on&#8221; admin_label=&#8221;Ligne &#8211; Titre  Les collectionssans alcool&#8221; module_class=&#8221;row-width row-width-titre&#8221; _builder_version=&#8221;4.16&#8243; _module_preset=&#8221;default&#8221; global_colors_info=&#8221;{}&#8221;][et_pb_column type=&#8221;4_4&#8243; _builder_version=&#8221;4.16&#8243; _module_preset=&#8221;default&#8221; global_colors_info=&#8221;{}&#8221;][et_pb_text admin_label=&#8221;Texte &#8211; Les collectionssans alcool&#8221; module_class=&#8221;bloc-general-texte center blanc&#8221; _builder_version=&#8221;4.16&#8243; _module_preset=&#8221;default&#8221; global_colors_info=&#8221;{}&#8221;]<\/p>\n<h2>The non-alcoholic<br \/>collections<\/h2>\n<p>[\/et_pb_text][\/et_pb_column][\/et_pb_row][et_pb_row use_custom_gutter=&#8221;on&#8221; make_equal=&#8221;on&#8221; admin_label=&#8221;Ligne &#8211; Titre &#8211; Center&#8221; module_class=&#8221;row-width row-slider-collection&#8221; _builder_version=&#8221;4.16&#8243; _module_preset=&#8221;default&#8221; global_colors_info=&#8221;{}&#8221;][et_pb_column type=&#8221;4_4&#8243; _builder_version=&#8221;4.16&#8243; _module_preset=&#8221;default&#8221; global_colors_info=&#8221;{}&#8221;][et_pb_code admin_label=&#8221;Slider de produits&#8221; _builder_version=&#8221;4.16&#8243; _module_preset=&#8221;default&#8221; animation_style=&#8221;fade&#8221; animation_delay=&#8221;500ms&#8221; global_colors_info=&#8221;{}&#8221;][\/et_pb_code][\/et_pb_column][\/et_pb_row][\/et_pb_section][et_pb_section fb_built=&#8221;1&#8243; admin_label=&#8221;Section &#8211; Intro collections sans alcool&#8221; module_class=&#8221;section-text-general section-intro-collections&#8221; _builder_version=&#8221;4.16&#8243; _module_preset=&#8221;default&#8221; background_color=&#8221;#000000&#8243; global_colors_info=&#8221;{}&#8221;][et_pb_row column_structure=&#8221;1_2,1_2&#8243; use_custom_gutter=&#8221;on&#8221; make_equal=&#8221;on&#8221; admin_label=&#8221;Ligne &#8211; premiere section de texte&#8221; module_class=&#8221;row-width row-width-image no-marge-top&#8221; _builder_version=&#8221;4.16&#8243; _module_preset=&#8221;default&#8221; global_colors_info=&#8221;{}&#8221;][et_pb_column type=&#8221;1_2&#8243; _builder_version=&#8221;4.16&#8243; _module_preset=&#8221;default&#8221; global_colors_info=&#8221;{}&#8221;][et_pb_text admin_label=&#8221;Texte &#8211; Elabor\u00e9e par les \u0153nologues&#8230;&#8221; module_class=&#8221;bloc-general-texte blanc left&#8221; _builder_version=&#8221;4.16&#8243; _module_preset=&#8221;default&#8221; global_colors_info=&#8221;{}&#8221;]<\/p>\n<p>Developed by Chavin\u2019s oenologists from noble grape varieties, the Non-Alcoholic Collection strives to bring <strong>emotions<\/strong> and <strong>characteristic flavours<\/strong>. It offers obvious<strong> health benefits since<\/strong>, in addition to being non-alcoholic and vegan, these ranges are lower in calories.<\/p>\n\n<p>Its production takes care to preserve the polyphenols, vitamins and minerals naturally present in grapes.<\/p>\n<p>[\/et_pb_text][et_pb_image src=&#8221;https:\/\/www.pierre-chavin.com\/wp-content\/uploads\/2024\/07\/PIERRE-ZERO_NON-ALCOHOLIC_Rose-23-scaled.jpg&#8221; title_text=&#8221;PIERRE ZERO_NON-ALCOHOLIC_Rose-23&#8243; module_class=&#8221;image-page-content&#8221; _builder_version=&#8221;4.24.3&#8243; _module_preset=&#8221;default&#8221; animation_style=&#8221;slide&#8221; animation_direction=&#8221;left&#8221; animation_delay=&#8221;500ms&#8221; animation_intensity_slide=&#8221;10%&#8221; global_colors_info=&#8221;{}&#8221;][\/et_pb_image][\/et_pb_column][et_pb_column type=&#8221;1_2&#8243; module_class=&#8221;column-reverse&#8221; _builder_version=&#8221;4.16&#8243; _module_preset=&#8221;default&#8221; global_colors_info=&#8221;{}&#8221;][et_pb_image src=&#8221;https:\/\/www.pierre-chavin.com\/wp-content\/uploads\/2025\/05\/CHAVIN-BlancDeBlancs-20-scaled.jpg&#8221; alt=&#8221;Chavin Z\u00e9ro Vin De France Dealcoholised Blanc de Blancs&#8221; title_text=&#8221;CHAVIN-BlancDeBlancs-20&#8243; module_class=&#8221;image-page-content&#8221; _builder_version=&#8221;4.27.4&#8243; _module_preset=&#8221;default&#8221; animation_style=&#8221;slide&#8221; animation_direction=&#8221;right&#8221; animation_delay=&#8221;500ms&#8221; animation_intensity_slide=&#8221;10%&#8221; global_colors_info=&#8221;{}&#8221;][\/et_pb_image][et_pb_text admin_label=&#8221;Texte &#8211; El\u00e9gante, g\u00e9n\u00e9reuse et raffin\u00e9e, cette Collection&#8230;.&#8221; module_class=&#8221;bloc-general-texte blanc right&#8221; _builder_version=&#8221;4.16&#8243; _module_preset=&#8221;default&#8221; global_colors_info=&#8221;{}&#8221;]<\/p>\n<p>Elegant, generous and refined, this Collection produced according to French winemaking expertise is <strong>present in more than sixty countries<\/strong>.<\/p>\n<p>The NA drinks are appreciated by women, new generations and teetotallers. The brands cause a <strong>stir at festive cocktail parties and parties without moderation<\/strong>.<\/p>\n<p>They provide a sensory and uniting experience, be it around a wine glass or a Champagne flute.<\/p>\n<p>[\/et_pb_text][\/et_pb_column][\/et_pb_row][et_pb_row use_custom_gutter=&#8221;on&#8221; make_equal=&#8221;on&#8221; admin_label=&#8221;Ligne &#8211; Liste c\u00e9pages titre&#8221; module_class=&#8221;row-width row-width-titre titre-cepage&#8221; _builder_version=&#8221;4.16&#8243; _module_preset=&#8221;default&#8221; global_colors_info=&#8221;{}&#8221;][et_pb_column type=&#8221;4_4&#8243; _builder_version=&#8221;4.16&#8243; _module_preset=&#8221;default&#8221; global_colors_info=&#8221;{}&#8221;][et_pb_text admin_label=&#8221;Titre &#8211; Liste c\u00e9pages&#8221; module_class=&#8221;bloc-general-texte center blanc&#8221; _builder_version=&#8221;4.16&#8243; _module_preset=&#8221;default&#8221; global_colors_info=&#8221;{}&#8221;]<\/p>\n<p>Chavin has developed a multitude of possibilities.<br \/>The non-alcoholic drinks are white, ros\u00e9 or red but also sparkling.<br \/>They are made from\u2026<\/p>\n<p>[\/et_pb_text][\/et_pb_column][\/et_pb_row][et_pb_row column_structure=&#8221;1_5,1_5,1_5,1_5,1_5&#8243; use_custom_gutter=&#8221;on&#8221; make_equal=&#8221;on&#8221; admin_label=&#8221;Ligne &#8211; Liste c\u00e9pages&#8221; module_class=&#8221;row-width row-width-cepages&#8221; _builder_version=&#8221;4.16&#8243; _module_preset=&#8221;default&#8221; global_colors_info=&#8221;{}&#8221;][et_pb_column type=&#8221;1_5&#8243; _builder_version=&#8221;4.16&#8243; _module_preset=&#8221;default&#8221; animation_style=&#8221;slide&#8221; animation_direction=&#8221;left&#8221; animation_delay=&#8221;500ms&#8221; animation_intensity_slide=&#8221;10%&#8221; global_colors_info=&#8221;{}&#8221;][et_pb_image src=&#8221;https:\/\/www.pierre-chavin.com\/wp-content\/uploads\/2022\/02\/chavin-cepage-chardonnay-1.png&#8221; alt=&#8221;Chavin &#8211; C\u00e9page Chardonnay&#8221; title_text=&#8221;chavin-cepage-chardonnay&#8221; align=&#8221;center&#8221; admin_label=&#8221;Image &#8211; Chardonnay&#8221; module_class=&#8221;images-cepages&#8221; _builder_version=&#8221;4.16&#8243; _module_preset=&#8221;default&#8221; global_colors_info=&#8221;{}&#8221;][\/et_pb_image][et_pb_text admin_label=&#8221;Chardonnay&#8221; module_class=&#8221;bloc-general-texte blanc center&#8221; _builder_version=&#8221;4.16&#8243; _module_preset=&#8221;default&#8221; global_colors_info=&#8221;{}&#8221;]<\/p>\n<h3>Chardonnay<\/h3>\n<p>[\/et_pb_text][\/et_pb_column][et_pb_column type=&#8221;1_5&#8243; _builder_version=&#8221;4.16&#8243; _module_preset=&#8221;default&#8221; animation_style=&#8221;slide&#8221; animation_direction=&#8221;left&#8221; animation_delay=&#8221;1000ms&#8221; animation_intensity_slide=&#8221;10%&#8221; global_colors_info=&#8221;{}&#8221;][et_pb_image src=&#8221;https:\/\/www.pierre-chavin.com\/wp-content\/uploads\/2022\/02\/chavin-cepage-sauvignon-blanc-1.png&#8221; alt=&#8221;Chavin &#8211; C\u00e9page Chardonnay&#8221; title_text=&#8221;chavin-cepage-sauvignon-blanc&#8221; align=&#8221;center&#8221; admin_label=&#8221;Image &#8211; Sauvignon Blanc&#8221; module_class=&#8221;images-cepages&#8221; _builder_version=&#8221;4.16&#8243; _module_preset=&#8221;default&#8221; global_colors_info=&#8221;{}&#8221;][\/et_pb_image][et_pb_text admin_label=&#8221;Sauvignon Blanc&#8221; module_class=&#8221;bloc-general-texte blanc center&#8221; _builder_version=&#8221;4.16&#8243; _module_preset=&#8221;default&#8221; global_colors_info=&#8221;{}&#8221;]<\/p>\n<h3>Sauvignon<br \/>Blanc<\/h3>\n<p>[\/et_pb_text][\/et_pb_column][et_pb_column type=&#8221;1_5&#8243; _builder_version=&#8221;4.16&#8243; _module_preset=&#8221;default&#8221; animation_style=&#8221;slide&#8221; animation_direction=&#8221;left&#8221; animation_delay=&#8221;1500ms&#8221; animation_intensity_slide=&#8221;10%&#8221; global_colors_info=&#8221;{}&#8221;][et_pb_image src=&#8221;https:\/\/www.pierre-chavin.com\/wp-content\/uploads\/2022\/02\/chavin-cepage-muscat-1.png&#8221; alt=&#8221;Chavin &#8211; C\u00e9page Chardonnay&#8221; title_text=&#8221;chavin-cepage-muscat&#8221; align=&#8221;center&#8221; admin_label=&#8221;Image &#8211; Muscat&#8221; module_class=&#8221;images-cepages&#8221; _builder_version=&#8221;4.16&#8243; _module_preset=&#8221;default&#8221; global_colors_info=&#8221;{}&#8221;][\/et_pb_image][et_pb_text admin_label=&#8221;Muscat&#8221; module_class=&#8221;bloc-general-texte blanc center&#8221; _builder_version=&#8221;4.16&#8243; _module_preset=&#8221;default&#8221; global_colors_info=&#8221;{}&#8221;]<\/p>\n<h3>Muscat<\/h3>\n<p>[\/et_pb_text][\/et_pb_column][et_pb_column type=&#8221;1_5&#8243; _builder_version=&#8221;4.16&#8243; _module_preset=&#8221;default&#8221; animation_style=&#8221;slide&#8221; animation_direction=&#8221;left&#8221; animation_delay=&#8221;2000ms&#8221; animation_intensity_slide=&#8221;10%&#8221; global_colors_info=&#8221;{}&#8221;][et_pb_image src=&#8221;https:\/\/www.pierre-chavin.com\/wp-content\/uploads\/2022\/02\/chavin-cepage-cabernet-sauvignon.png&#8221; alt=&#8221;Chavin &#8211; C\u00e9page Chardonnay&#8221; title_text=&#8221;chavin-cepage-cabernet-sauvignon&#8221; align=&#8221;center&#8221; admin_label=&#8221;Image &#8211; Cabernet Sauvignon&#8221; module_class=&#8221;images-cepages&#8221; _builder_version=&#8221;4.16&#8243; _module_preset=&#8221;default&#8221; global_colors_info=&#8221;{}&#8221;][\/et_pb_image][et_pb_text admin_label=&#8221;Cabernet Sauvignon&#8221; module_class=&#8221;bloc-general-texte blanc center&#8221; _builder_version=&#8221;4.16&#8243; _module_preset=&#8221;default&#8221; global_colors_info=&#8221;{}&#8221;]<\/p>\n<h3>Cabernet <br \/>Sauvignon<\/h3>\n<p>[\/et_pb_text][\/et_pb_column][et_pb_column type=&#8221;1_5&#8243; _builder_version=&#8221;4.16&#8243; _module_preset=&#8221;default&#8221; animation_style=&#8221;slide&#8221; animation_direction=&#8221;left&#8221; animation_delay=&#8221;2500ms&#8221; animation_intensity_slide=&#8221;10%&#8221; global_colors_info=&#8221;{}&#8221;][et_pb_image src=&#8221;https:\/\/www.pierre-chavin.com\/wp-content\/uploads\/2022\/02\/chavin-cepage-merlot.png&#8221; alt=&#8221;Chavin &#8211; C\u00e9page Chardonnay&#8221; title_text=&#8221;chavin-cepage-merlot&#8221; align=&#8221;center&#8221; admin_label=&#8221;Image &#8211; Merlot&#8221; module_class=&#8221;images-cepages&#8221; _builder_version=&#8221;4.16&#8243; _module_preset=&#8221;default&#8221; global_colors_info=&#8221;{}&#8221;][\/et_pb_image][et_pb_text admin_label=&#8221;Merlot&#8221; module_class=&#8221;bloc-general-texte blanc center&#8221; _builder_version=&#8221;4.16&#8243; _module_preset=&#8221;default&#8221; global_colors_info=&#8221;{}&#8221;]<\/p>\n<h3>Merlot<\/h3>\n<p>[\/et_pb_text][\/et_pb_column][\/et_pb_row][et_pb_row column_structure=&#8221;2_5,3_5&#8243; use_custom_gutter=&#8221;on&#8221; make_equal=&#8221;on&#8221; admin_label=&#8221;Ligne &#8211; premiere section de texte&#8221; module_class=&#8221;row-width row-width-image row-reverse&#8221; _builder_version=&#8221;4.16&#8243; _module_preset=&#8221;default&#8221; global_colors_info=&#8221;{}&#8221;][et_pb_column type=&#8221;2_5&#8243; _builder_version=&#8221;4.16&#8243; _module_preset=&#8221;default&#8221; global_colors_info=&#8221;{}&#8221;][et_pb_image src=&#8221;https:\/\/www.pierre-chavin.com\/wp-content\/uploads\/2022\/02\/chavin-petit-contenant-gamme.png&#8221; title_text=&#8221;chavin-petit-contenant-gamme&#8221; module_class=&#8221;image-page-content&#8221; _builder_version=&#8221;4.16&#8243; _module_preset=&#8221;default&#8221; animation_style=&#8221;slide&#8221; animation_direction=&#8221;left&#8221; animation_delay=&#8221;500ms&#8221; animation_intensity_slide=&#8221;10%&#8221; global_colors_info=&#8221;{}&#8221;][\/et_pb_image][\/et_pb_column][et_pb_column type=&#8221;3_5&#8243; module_class=&#8221;column-reverse&#8221; _builder_version=&#8221;4.16&#8243; _module_preset=&#8221;default&#8221; global_colors_info=&#8221;{}&#8221;][et_pb_text admin_label=&#8221;Texte &#8211; Les marques sont sous des formats de bouteilles traditionnels&#8230;&#8221; module_class=&#8221;bloc-general-texte blanc right&#8221; _builder_version=&#8221;4.16&#8243; _module_preset=&#8221;default&#8221; global_colors_info=&#8221;{}&#8221;]<\/p>\n<p>The brands are presented in <strong>traditional bottles<\/strong> but also in <strong>smaller containers<\/strong> (in 20cl or 37.5cl) to enjoy on the go.<\/p>\n<p><strong>Chavin<\/strong> has also bottled an non-alcoholic wine in a <strong>3 litre BIB\u00ae<\/strong> (Bag In Box). <strong>Chavin&#8217;s<\/strong> ranges are <strong>classic<\/strong> or <strong>organic<\/strong>, <strong>dealcoholised<\/strong> or <strong>non-fermented<\/strong>.<\/p>\n<p>The compositions offer a range of nuances to meet different tastes.<\/p>\n<p>[\/et_pb_text][\/et_pb_column][\/et_pb_row][\/et_pb_section][et_pb_section fb_built=&#8221;1&#8243; admin_label=&#8221;Section &#8211; Les collections&#8221; module_class=&#8221;section-text-general&#8221; _builder_version=&#8221;4.16&#8243; _module_preset=&#8221;default&#8221; background_enable_color=&#8221;off&#8221; global_colors_info=&#8221;{}&#8221;][et_pb_row use_custom_gutter=&#8221;on&#8221; make_equal=&#8221;on&#8221; admin_label=&#8221;Ligne &#8211; Titre &#8211; Les collections&#8221; module_class=&#8221;row-width row-width-titre&#8221; _builder_version=&#8221;4.16&#8243; _module_preset=&#8221;default&#8221; global_colors_info=&#8221;{}&#8221;][et_pb_column type=&#8221;4_4&#8243; _builder_version=&#8221;4.16&#8243; _module_preset=&#8221;default&#8221; global_colors_info=&#8221;{}&#8221;][et_pb_text admin_label=&#8221;Titre &#8211; Les collections&#8221; module_class=&#8221;bloc-general-texte center&#8221; _builder_version=&#8221;4.16&#8243; _module_preset=&#8221;default&#8221; global_colors_info=&#8221;{}&#8221;]<\/p>\n<h2>The collections<\/h2>\n<p>[\/et_pb_text][\/et_pb_column][\/et_pb_row][et_pb_row use_custom_gutter=&#8221;on&#8221; make_equal=&#8221;on&#8221; admin_label=&#8221;Ligne &#8211; Titre + Texte Intro&#8221; module_id=&#8221;collections-home&#8221; module_class=&#8221;row-width no-marge-top&#8221; _builder_version=&#8221;4.16&#8243; _module_preset=&#8221;default&#8221; collapsed=&#8221;off&#8221; global_colors_info=&#8221;{}&#8221;][et_pb_column type=&#8221;4_4&#8243; _builder_version=&#8221;4.16&#8243; _module_preset=&#8221;default&#8221; global_colors_info=&#8221;{}&#8221;][et_pb_text admin_label=&#8221;Titre + Texte collection&#8221; module_class=&#8221;bloc-general-texte center&#8221; _builder_version=&#8221;4.16&#8243; _module_preset=&#8221;default&#8221; global_colors_info=&#8221;{}&#8221;]<\/p>\n<p>Chavin is a creator of brands, wines with innovative profiles, thoughtful packaging, elegance and modernity combined to satisfy tastes. Organic, High Environmental Value, low in alcohol content, non-alcoholic, no added sulphites, no preservatives, no pesticide residues\u2026<\/p>\n<p><strong>Today\u2019s trends and tomorrow\u2019s demands are presented in the House Collections.<\/strong><\/p>\n<p>[\/et_pb_text][et_pb_code admin_label=&#8221;Filtre Collections + collections&#8221; _builder_version=&#8221;4.16&#8243; _module_preset=&#8221;default&#8221; global_colors_info=&#8221;{}&#8221;][\/et_pb_code][\/et_pb_column][\/et_pb_row][\/et_pb_section]<\/p>\n","protected":false},"excerpt":{"rendered":"<p>The non-alcoholiccollectionChavin produces non-alcoholic brands, natural extensions to wines and bubbles and sophisticated alternatives to soft drinks. Chavin, a pioneer in this sector, has become a global reference. This type of drink with a complex production process has become very popular. Chavin non-alcoholic products are concerned with nutritional respect. Quality, premium and made from noble [&hellip;]<\/p>\n","protected":false},"author":1,"featured_media":0,"parent":0,"menu_order":0,"comment_status":"closed","ping_status":"closed","template":"","meta":{"_acf_changed":false,"_et_pb_use_builder":"on","_et_pb_old_content":"","_et_gb_content_width":"","footnotes":""},"class_list":["post-21987","page","type-page","status-publish","hentry"],"acf":[],"_links":{"self":[{"href":"https:\/\/www.pierre-chavin.com\/en\/wp-json\/wp\/v2\/pages\/21987","targetHints":{"allow":["GET"]}}],"collection":[{"href":"https:\/\/www.pierre-chavin.com\/en\/wp-json\/wp\/v2\/pages"}],"about":[{"href":"https:\/\/www.pierre-chavin.com\/en\/wp-json\/wp\/v2\/types\/page"}],"author":[{"embeddable":true,"href":"https:\/\/www.pierre-chavin.com\/en\/wp-json\/wp\/v2\/users\/1"}],"replies":[{"embeddable":true,"href":"https:\/\/www.pierre-chavin.com\/en\/wp-json\/wp\/v2\/comments?post=21987"}],"version-history":[{"count":1,"href":"https:\/\/www.pierre-chavin.com\/en\/wp-json\/wp\/v2\/pages\/21987\/revisions"}],"predecessor-version":[{"id":28415,"href":"https:\/\/www.pierre-chavin.com\/en\/wp-json\/wp\/v2\/pages\/21987\/revisions\/28415"}],"wp:attachment":[{"href":"https:\/\/www.pierre-chavin.com\/en\/wp-json\/wp\/v2\/media?parent=21987"}],"curies":[{"name":"wp","href":"https:\/\/api.w.org\/{rel}","templated":true}]}}