{"id":21943,"date":"2022-02-03T15:37:45","date_gmt":"2022-02-03T14:37:45","guid":{"rendered":"https:\/\/www.pierre-chavin.com\/la-maison\/"},"modified":"2025-09-29T16:31:48","modified_gmt":"2025-09-29T14:31:48","slug":"maison-chavin","status":"publish","type":"page","link":"https:\/\/www.pierre-chavin.com\/en\/maison-chavin\/","title":{"rendered":"Maison Chavin"},"content":{"rendered":"<p>[et_pb_section fb_built=&#8221;1&#8243; admin_label=&#8221;Section &#8211; Titre  La maison&#8221; module_id=&#8221;entete-hauteur&#8221; module_class=&#8221;entete-hauteur-page slider&#8221; _builder_version=&#8221;4.16&#8243; _module_preset=&#8221;default&#8221; background_color=&#8221;#efefef&#8221; global_colors_info=&#8221;{}&#8221;][et_pb_row admin_label=&#8221;Ligne &#8211; Titre  La maison&#8221; module_class=&#8221;row-width row-width-full&#8221; _builder_version=&#8221;4.16&#8243; _module_preset=&#8221;default&#8221; global_colors_info=&#8221;{}&#8221;][et_pb_column type=&#8221;4_4&#8243; _builder_version=&#8221;4.16&#8243; _module_preset=&#8221;default&#8221; global_colors_info=&#8221;{}&#8221;][et_pb_slider show_pagination=&#8221;off&#8221; admin_label=&#8221;Titre &#8211; Titre La maison&#8221; module_class=&#8221;slider-basique page-maison&#8221; _builder_version=&#8221;4.16&#8243; _module_preset=&#8221;default&#8221; global_colors_info=&#8221;{}&#8221;][et_pb_slide _builder_version=&#8221;4.16&#8243; _module_preset=&#8221;default&#8221; background_enable_color=&#8221;off&#8221; background_image=&#8221;https:\/\/www.pierre-chavin.com\/wp-content\/uploads\/2022\/02\/chavin-entete-la-maison.jpg&#8221; background_enable_image=&#8221;on&#8221; global_colors_info=&#8221;{}&#8221; sticky_transition=&#8221;on&#8221;]<\/p>\n<h1>Maison Chavin<\/h1>\n<p>[\/et_pb_slide][\/et_pb_slider][\/et_pb_column][\/et_pb_row][\/et_pb_section][et_pb_section fb_built=&#8221;1&#8243; admin_label=&#8221;Section &#8211; Intro pr\u00e9sentation&#8221; module_id=&#8221;intro-home&#8221; module_class=&#8221;section-text-general&#8221; _builder_version=&#8221;4.16&#8243; _module_preset=&#8221;default&#8221; background_enable_color=&#8221;off&#8221; global_colors_info=&#8221;{}&#8221;][et_pb_row use_custom_gutter=&#8221;on&#8221; make_equal=&#8221;on&#8221; admin_label=&#8221;Ligne &#8211; Titre + Texte Intro&#8221; module_class=&#8221;row-width&#8221; _builder_version=&#8221;4.16&#8243; _module_preset=&#8221;default&#8221; global_colors_info=&#8221;{}&#8221;][et_pb_column type=&#8221;4_4&#8243; _builder_version=&#8221;4.16&#8243; _module_preset=&#8221;default&#8221; global_colors_info=&#8221;{}&#8221;][et_pb_text admin_label=&#8221;Titre + Texte Intro&#8221; module_class=&#8221;bloc-general-texte center&#8221; _builder_version=&#8221;4.16&#8243; _module_preset=&#8221;default&#8221; global_colors_info=&#8221;{}&#8221;]<\/p>\n<h3><strong>Chavin is the French specialist in innovation in the world of wine.<\/strong><\/h3>\n<p>With an international standing, forward-thinking and trend-setting, <br \/>the company has become a leader in premium soft drinks within a decade. <br \/>With unparalleled expertise, Chavin is one of the <strong>world&#8217;s benchmarks in this innovative category<\/strong>.<\/p>\n<p>Created and managed by <strong>Mathilde Boulachin<\/strong>,<br \/>Maison Chavin is based in the south of France.<\/p>\n<p>[\/et_pb_text][\/et_pb_column][\/et_pb_row][\/et_pb_section][et_pb_section fb_built=&#8221;1&#8243; admin_label=&#8221;Section &#8211; Notre ADN&#8221; module_id=&#8221;section-adn-page&#8221; module_class=&#8221;section-text-general&#8221; _builder_version=&#8221;4.16&#8243; _module_preset=&#8221;default&#8221; background_color=&#8221;#000000&#8243; global_colors_info=&#8221;{}&#8221;][et_pb_row use_custom_gutter=&#8221;on&#8221; make_equal=&#8221;on&#8221; admin_label=&#8221;Ligne &#8211; Titre &#8211; Notre ADN&#8221; module_class=&#8221;row-width row-width-titre&#8221; _builder_version=&#8221;4.16&#8243; _module_preset=&#8221;default&#8221; global_colors_info=&#8221;{}&#8221;][et_pb_column type=&#8221;4_4&#8243; _builder_version=&#8221;4.16&#8243; _module_preset=&#8221;default&#8221; global_colors_info=&#8221;{}&#8221;][et_pb_text admin_label=&#8221;Titre &#8211; Notre ADN&#8221; module_class=&#8221;bloc-general-texte center blanc&#8221; _builder_version=&#8221;4.16&#8243; _module_preset=&#8221;default&#8221; global_colors_info=&#8221;{}&#8221;]<\/p>\n<h2>Our DNA<\/h2>\n<p>Social Responsibility<\/p>\n<p>[\/et_pb_text][\/et_pb_column][\/et_pb_row][et_pb_row column_structure=&#8221;1_2,1_2&#8243; use_custom_gutter=&#8221;on&#8221; make_equal=&#8221;on&#8221; admin_label=&#8221;Ligne &#8211; Texte &#8211; Notre ADN&#8221; module_class=&#8221;row-width row-width-adn&#8221; _builder_version=&#8221;4.16&#8243; _module_preset=&#8221;default&#8221; global_colors_info=&#8221;{}&#8221;][et_pb_column type=&#8221;1_2&#8243; module_class=&#8221;column-maison-adn-first&#8221; _builder_version=&#8221;4.16&#8243; _module_preset=&#8221;default&#8221; global_colors_info=&#8221;{}&#8221;][et_pb_text admin_label=&#8221;Texte &#8211; Notre ADN&#8221; module_class=&#8221;bloc-general-texte blanc&#8221; _builder_version=&#8221;4.16&#8243; _module_preset=&#8221;default&#8221; global_colors_info=&#8221;{}&#8221;]<\/p>\n<p><strong>Like a fashion house<\/strong>, Chavin creates blends that meet new consumer needs from here and abroad.<\/p>\n<p><strong>The Art of Difference<\/strong> is executed with consistency and meaning. Chavin responds with disruptive audacity and responsible commitment.<\/p>\n<p>[\/et_pb_text][et_pb_image src=&#8221;https:\/\/www.pierre-chavin.com\/wp-content\/uploads\/2022\/02\/chavin-la-maison-notre-adn-vigne.jpg&#8221; title_text=&#8221;chavin-la-maison-notre-adn-vigne&#8221; module_class=&#8221;img-visuel&#8221; _builder_version=&#8221;4.16&#8243; _module_preset=&#8221;default&#8221; animation_style=&#8221;slide&#8221; animation_direction=&#8221;left&#8221; animation_delay=&#8221;500ms&#8221; animation_intensity_slide=&#8221;10%&#8221; global_colors_info=&#8221;{}&#8221;][\/et_pb_image][\/et_pb_column][et_pb_column type=&#8221;1_2&#8243; module_class=&#8221;column-maison-adn-last&#8221; _builder_version=&#8221;4.16&#8243; _module_preset=&#8221;default&#8221; global_colors_info=&#8221;{}&#8221;][et_pb_image src=&#8221;https:\/\/www.pierre-chavin.com\/wp-content\/uploads\/2025\/05\/CHAVIN-BlancDeBlancs-18-scaled.jpg&#8221; title_text=&#8221;CHAVIN-BlancDeBlancs-18&#8243; module_class=&#8221;img-visuel&#8221; _builder_version=&#8221;4.27.4&#8243; _module_preset=&#8221;default&#8221; animation_style=&#8221;slide&#8221; animation_direction=&#8221;right&#8221; animation_delay=&#8221;500ms&#8221; animation_intensity_slide=&#8221;10%&#8221; global_colors_info=&#8221;{}&#8221;][\/et_pb_image][et_pb_text admin_label=&#8221;Texte &#8211; Notre ADN&#8221; module_class=&#8221;bloc-general-texte blanc&#8221; _builder_version=&#8221;4.16&#8243; _module_preset=&#8221;default&#8221; global_colors_info=&#8221;{}&#8221;]<\/p>\n<p><strong>Chavin is deeply rooted in an extensive CSR approach<\/strong>. Inspired by a long stay in Sweden, Mathilde Boulachin has created a model of social commitment, respect for employees, customer satisfaction and consideration for the entire ecosystem surrounding the company.<\/p>\n<p>Chavin shares a constructive message based on <strong>tolerance, open-mindedness, multi-ethnic, intergenerational and egalitarian sharing<\/strong>.<\/p>\n<p>[\/et_pb_text][\/et_pb_column][\/et_pb_row][\/et_pb_section][et_pb_section fb_built=&#8221;1&#8243; admin_label=&#8221;Section &#8211; Notre fondatrice&#8221; module_id=&#8221;section-fondatrice-page&#8221; module_class=&#8221;section-text-general&#8221; _builder_version=&#8221;4.16&#8243; _module_preset=&#8221;default&#8221; background_enable_color=&#8221;off&#8221; global_colors_info=&#8221;{}&#8221;][et_pb_row use_custom_gutter=&#8221;on&#8221; make_equal=&#8221;on&#8221; admin_label=&#8221;Ligne &#8211; Titre &#8211; Notre fondatrice&#8221; module_class=&#8221;row-width row-width-titre&#8221; _builder_version=&#8221;4.16&#8243; _module_preset=&#8221;default&#8221; global_colors_info=&#8221;{}&#8221;][et_pb_column type=&#8221;4_4&#8243; _builder_version=&#8221;4.16&#8243; _module_preset=&#8221;default&#8221; global_colors_info=&#8221;{}&#8221;][et_pb_text admin_label=&#8221;Titre &#8211; Notre fondatrice&#8221; module_class=&#8221;bloc-general-texte center&#8221; _builder_version=&#8221;4.16&#8243; _module_preset=&#8221;default&#8221; global_colors_info=&#8221;{}&#8221;]<\/p>\n<h2>Our founder<\/h2>\n<p>Mathilde Boulachin<\/p>\n<p>[\/et_pb_text][\/et_pb_column][\/et_pb_row][et_pb_row column_structure=&#8221;1_2,1_2&#8243; use_custom_gutter=&#8221;on&#8221; gutter_width=&#8221;2&#8243; make_equal=&#8221;on&#8221; admin_label=&#8221;Ligne &#8211; Texte &#8211; Notre fondatrice&#8221; module_class=&#8221;row-width row-width-fondatrice&#8221; _builder_version=&#8221;4.16&#8243; _module_preset=&#8221;default&#8221; global_colors_info=&#8221;{}&#8221;][et_pb_column type=&#8221;1_2&#8243; module_class=&#8221;column-maison-fondatrice-first&#8221; _builder_version=&#8221;4.16&#8243; _module_preset=&#8221;default&#8221; global_colors_info=&#8221;{}&#8221;][et_pb_image src=&#8221;https:\/\/www.pierre-chavin.com\/wp-content\/uploads\/2023\/02\/HD-PIERRE-CHAVIN-MATHILDE-@soufianezaidi-08.jpg&#8221; title_text=&#8221;PIERRE-CHAVIN-MATHILDE&#8221; align_tablet=&#8221;center&#8221; align_phone=&#8221;center&#8221; align_last_edited=&#8221;on|tablet&#8221; admin_label=&#8221;Photo &#8211; Image&#8221; module_class=&#8221;img-visuel&#8221; _builder_version=&#8221;4.24.3&#8243; _module_preset=&#8221;default&#8221; animation_style=&#8221;slide&#8221; animation_direction=&#8221;left&#8221; animation_delay=&#8221;500ms&#8221; animation_intensity_slide=&#8221;10%&#8221; global_colors_info=&#8221;{}&#8221;][\/et_pb_image][\/et_pb_column][et_pb_column type=&#8221;1_2&#8243; module_class=&#8221;column-maison-fondatrice-last&#8221; _builder_version=&#8221;4.16&#8243; _module_preset=&#8221;default&#8221; global_colors_info=&#8221;{}&#8221;][et_pb_text admin_label=&#8221;Texte &#8211; Notre fondatrice&#8221; module_class=&#8221;bloc-general-texte&#8221; _builder_version=&#8221;4.16&#8243; _module_preset=&#8221;default&#8221; global_colors_info=&#8221;{}&#8221;]<\/p>\n<p>Chavin is a company founded and directed by Champagne native, <strong>Mathilde Boulachin<\/strong>.<\/p>\n<p>Woman of wine, expert in marketing, in analysis of intercultural consumption trends, Mathilde Boulachin is the rising figure of No and Low Alcohol and &#8220;sober curiosity&#8221;. She is an <strong>inspirational embodiment of the spirit of feminine management. <\/strong><\/p>\n<p>Full of creativity and audacity, <strong>her vocation is to inspire the world of wine of tomorrow<\/strong> by respectfully distilling 20 centuries of know-how of peers.<\/p>\n<p>[\/et_pb_text][\/et_pb_column][\/et_pb_row][et_pb_row use_custom_gutter=&#8221;on&#8221; gutter_width=&#8221;2&#8243; make_equal=&#8221;on&#8221; admin_label=&#8221;Ligne &#8211; Texte &#8211; Notre fondatrice &#8211; citation&#8221; module_class=&#8221;row-width row-width-fondatrice-full&#8221; _builder_version=&#8221;4.16&#8243; _module_preset=&#8221;default&#8221; background_image=&#8221;https:\/\/www.pierre-chavin.com\/wp-content\/uploads\/2022\/02\/mathilde-fondatrice-chavin-citation-1.jpg&#8221; background_position=&#8221;top_center&#8221; background_last_edited=&#8221;on|tablet&#8221; background_image_tablet=&#8221;https:\/\/www.pierre-chavin.com\/wp-content\/uploads\/2022\/02\/mathilde-fondatrice-chavin-citation-resp.jpg&#8221; background_enable_image_tablet=&#8221;on&#8221; background_position_tablet=&#8221;center&#8221; global_colors_info=&#8221;{}&#8221;][et_pb_column type=&#8221;4_4&#8243; _builder_version=&#8221;4.16&#8243; _module_preset=&#8221;default&#8221; global_colors_info=&#8221;{}&#8221;][et_pb_text module_class=&#8221;bloc-citation-fondatrice&#8221; _builder_version=&#8221;4.16&#8243; _module_preset=&#8221;default&#8221; global_colors_info=&#8221;{}&#8221;]<\/p>\n<h2>\u00ab My native Champagne has left me <br \/>with effervescence as a legacy.<br \/>I offer the energy of bubbles, joy, <br \/>carpe diem, and a tasting experience <br \/>for lovers of life.\u00a0\u00bb<\/h2>\n<h3>Mathilde Boulachin<\/h3>\n<h4><a href=\"https:\/\/www.linkedin.com\/in\/mathildeboulachin\/\" target=\"_blank\" rel=\"noopener\">Founder and Director of\u00a0Chavin<\/a><\/h4>\n<p>[\/et_pb_text][\/et_pb_column][\/et_pb_row][\/et_pb_section][et_pb_section fb_built=&#8221;1&#8243; admin_label=&#8221;Section &#8211; Les distinctions&#8221; module_id=&#8221;intro-distinction&#8221; module_class=&#8221;section-text-general&#8221; _builder_version=&#8221;4.16&#8243; _module_preset=&#8221;default&#8221; background_color=&#8221;#18191a&#8221; global_colors_info=&#8221;{}&#8221;][et_pb_row use_custom_gutter=&#8221;on&#8221; make_equal=&#8221;on&#8221; admin_label=&#8221;Ligne &#8211; Titre &#8211; Les distinctions&#8221; module_class=&#8221;row-width row-width-titre&#8221; _builder_version=&#8221;4.16&#8243; _module_preset=&#8221;default&#8221; global_colors_info=&#8221;{}&#8221;][et_pb_column type=&#8221;4_4&#8243; _builder_version=&#8221;4.16&#8243; _module_preset=&#8221;default&#8221; global_colors_info=&#8221;{}&#8221;][et_pb_text admin_label=&#8221;Titre &#8211; Les distinctions&#8221; module_class=&#8221;bloc-general-texte center blanc&#8221; _builder_version=&#8221;4.16&#8243; _module_preset=&#8221;default&#8221; global_colors_info=&#8221;{}&#8221;]<\/p>\n<h2>Awards<\/h2>\n<p>[\/et_pb_text][et_pb_text admin_label=&#8221;Titre + Texte Intro&#8221; module_class=&#8221;bloc-general-texte center blanc&#8221; _builder_version=&#8221;4.16&#8243; _module_preset=&#8221;default&#8221; global_colors_info=&#8221;{}&#8221;]<\/p>\n<p>Over time, Chavin and its leader have obtained recognition for guaranteeing the quality and typicality <br \/>of the wines and alcohol-free beverages produced. The honours have also been received on an entrepreneurial, <br \/>economic or strategic performance level.<\/p>\n<p>[\/et_pb_text][\/et_pb_column][\/et_pb_row][et_pb_row use_custom_gutter=&#8221;on&#8221; make_equal=&#8221;on&#8221; admin_label=&#8221;Ligne &#8211; Les distinctions&#8221; module_class=&#8221;row-width row-width-titre first-distinctions-row&#8221; _builder_version=&#8221;4.16&#8243; _module_preset=&#8221;default&#8221; global_colors_info=&#8221;{}&#8221;][et_pb_column type=&#8221;4_4&#8243; _builder_version=&#8221;4.16&#8243; _module_preset=&#8221;default&#8221; link_option_url_new_window=&#8221;on&#8221; global_colors_info=&#8221;{}&#8221;][et_pb_gallery disabled_on=&#8221;on|on|on&#8221; admin_label=&#8221;Galerie &#8211; Activation Manific popup&#8221; _builder_version=&#8221;4.16&#8243; _module_preset=&#8221;default&#8221; disabled=&#8221;on&#8221; global_colors_info=&#8221;{}&#8221;][\/et_pb_gallery][et_pb_image src=&#8221;https:\/\/www.pierre-chavin.com\/wp-content\/uploads\/2022\/03\/chavin-women-equity-2016-mathilde-boulachin-trophee-eco-1.jpg&#8221; title_text=&#8221;chavin-women-equity-2016-mathilde-boulachin-trophee-eco (1)&#8221; url=&#8221;https:\/\/www.youtube.com\/watch?v=ENy1G_DKc1E&#8221; align=&#8221;center&#8221; admin_label=&#8221;Image &#8211; Women Equity 2016 + link&#8221; module_class=&#8221;video_popup&#8221; _builder_version=&#8221;4.16&#8243; _module_preset=&#8221;default&#8221; global_colors_info=&#8221;{}&#8221;][\/et_pb_image][et_pb_text admin_label=&#8221;Texte &#8211; Women Equity 2016&#8243; module_class=&#8221;bloc-general-texte center blanc distinctions&#8221; _builder_version=&#8221;4.16&#8243; _module_preset=&#8221;default&#8221; global_colors_info=&#8221;{}&#8221;]<\/p>\n<h2>Women Equity 2016<\/h2>\n<p>Mathilde Boulachin was awarded the highly coveted Troph\u00e9e Performance Eco 2016 <br \/>by the Women Equity organisation, which highlights the <br \/>50 leaders of high-performance French SMEs.<\/p>\n<p>[\/et_pb_text][\/et_pb_column][\/et_pb_row][et_pb_row column_structure=&#8221;1_2,1_2&#8243; use_custom_gutter=&#8221;on&#8221; make_equal=&#8221;on&#8221; admin_label=&#8221;Ligne &#8211; Les distinctions&#8221; module_class=&#8221;row-width row-width-titre&#8221; _builder_version=&#8221;4.16&#8243; _module_preset=&#8221;default&#8221; global_colors_info=&#8221;{}&#8221;][et_pb_column type=&#8221;1_2&#8243; _builder_version=&#8221;4.16&#8243; _module_preset=&#8221;default&#8221; link_option_url_new_window=&#8221;on&#8221; global_colors_info=&#8221;{}&#8221;][et_pb_image src=&#8221;https:\/\/www.pierre-chavin.com\/wp-content\/uploads\/2022\/02\/chavin-top-20-du-vin-e1646838328225.jpg&#8221; title_text=&#8221;chavin-top-20-du-vin&#8221; url=&#8221;https:\/\/www.youtube.com\/watch?v=ENy1G_DKc1E&#8221; align=&#8221;center&#8221; admin_label=&#8221;Image &#8211; Top 20 du vin&#8221; _builder_version=&#8221;4.16&#8243; _module_preset=&#8221;default&#8221; global_colors_info=&#8221;{}&#8221;][\/et_pb_image][et_pb_text admin_label=&#8221;Texte &#8211; Top 20 du vin&#8221; module_class=&#8221;bloc-general-texte center blanc distinctions&#8221; _builder_version=&#8221;4.16&#8243; _module_preset=&#8221;default&#8221; global_colors_info=&#8221;{}&#8221;]<\/p>\n<h2>Top 20 du vin<\/h2>\n<p>Mathilde Boulachin is one of the first \u201cTOP 20 DU VIN\u201d (Wine\u2019s Top 20) published by Vitisphere. This recognises the 20 personalities of the world of wine who will make the vintages of tomorrow.<\/p>\n<p>[\/et_pb_text][\/et_pb_column][et_pb_column type=&#8221;1_2&#8243; _builder_version=&#8221;4.16&#8243; _module_preset=&#8221;default&#8221; link_option_url_new_window=&#8221;on&#8221; global_colors_info=&#8221;{}&#8221;][et_pb_image src=&#8221;https:\/\/www.pierre-chavin.com\/wp-content\/uploads\/2022\/02\/chavin-mathilde-boulachin-lettreM-e1646838343725.png&#8221; title_text=&#8221;chavin-mathilde-boulachin-lettreM&#8221; url=&#8221;https:\/\/www.youtube.com\/watch?v=ENy1G_DKc1E&#8221; align=&#8221;center&#8221; admin_label=&#8221;Image &#8211; Lettre M&#8221; _builder_version=&#8221;4.16&#8243; _module_preset=&#8221;default&#8221; global_colors_info=&#8221;{}&#8221;][\/et_pb_image][et_pb_text admin_label=&#8221;Texte &#8211; Lettre M&#8221; module_class=&#8221;bloc-general-texte center blanc distinctions&#8221; _builder_version=&#8221;4.16&#8243; _module_preset=&#8221;default&#8221; global_colors_info=&#8221;{}&#8221;]<\/p>\n<h2>Lettre M<\/h2>\n<p>On Monday, September 24 2018, the 23rd ceremony of the \u201cMasters de la lettre M\u201c took place. Among the finalists, the company Domaines Pierre Chavin was selected in the \u201cExport\u201d category. Mathilde Boulachin, CEO, received the \u201cMaster Exportation\u201d prize awarded by Mr. Fr\u00e9d\u00e9ric Lacas, President of B\u00e9ziers M\u00e9diterran\u00e9e.<\/p>\n<p>[\/et_pb_text][\/et_pb_column][\/et_pb_row][\/et_pb_section]<\/p>\n","protected":false},"excerpt":{"rendered":"<p>Maison ChavinChavin is the French specialist in innovation in the world of wine. With an international standing, forward-thinking and trend-setting, the company has become a leader in premium soft drinks within a decade. With unparalleled expertise, Chavin is one of the world&#8217;s benchmarks in this innovative category. Created and managed by Mathilde Boulachin,Maison Chavin is [&hellip;]<\/p>\n","protected":false},"author":1,"featured_media":0,"parent":0,"menu_order":0,"comment_status":"closed","ping_status":"closed","template":"","meta":{"_acf_changed":false,"_et_pb_use_builder":"on","_et_pb_old_content":"","_et_gb_content_width":"","footnotes":""},"class_list":["post-21943","page","type-page","status-publish","hentry"],"acf":[],"_links":{"self":[{"href":"https:\/\/www.pierre-chavin.com\/en\/wp-json\/wp\/v2\/pages\/21943","targetHints":{"allow":["GET"]}}],"collection":[{"href":"https:\/\/www.pierre-chavin.com\/en\/wp-json\/wp\/v2\/pages"}],"about":[{"href":"https:\/\/www.pierre-chavin.com\/en\/wp-json\/wp\/v2\/types\/page"}],"author":[{"embeddable":true,"href":"https:\/\/www.pierre-chavin.com\/en\/wp-json\/wp\/v2\/users\/1"}],"replies":[{"embeddable":true,"href":"https:\/\/www.pierre-chavin.com\/en\/wp-json\/wp\/v2\/comments?post=21943"}],"version-history":[{"count":1,"href":"https:\/\/www.pierre-chavin.com\/en\/wp-json\/wp\/v2\/pages\/21943\/revisions"}],"predecessor-version":[{"id":28409,"href":"https:\/\/www.pierre-chavin.com\/en\/wp-json\/wp\/v2\/pages\/21943\/revisions\/28409"}],"wp:attachment":[{"href":"https:\/\/www.pierre-chavin.com\/en\/wp-json\/wp\/v2\/media?parent=21943"}],"curies":[{"name":"wp","href":"https:\/\/api.w.org\/{rel}","templated":true}]}}